{"id":5995,"date":"2025-02-20T22:08:36","date_gmt":"2025-02-20T22:08:36","guid":{"rendered":"https:\/\/honeydew-baboon-335858.hostingersite.com\/?post_type=product&#038;p=5995"},"modified":"2026-03-06T10:35:05","modified_gmt":"2026-03-06T10:35:05","slug":"un-jour-maroc","status":"publish","type":"product","link":"https:\/\/mabooko.com\/fr\/produit\/un-jour-maroc\/","title":{"rendered":"Un Jour"},"content":{"rendered":"<div>\n<p>Le roman <strong>Un Jour Maroc<\/strong> s&#8217;est impos\u00e9 comme une r\u00e9f\u00e9rence absolue pour les lecteurs en qu\u00eate d&#8217;\u00e9motions vraies et de r\u00e9cits qui marquent une vie. Chez Mabooko, nous sommes fiers de vous proposer cette \u0153uvre magistrale de David Nicholls.<\/p>\n<div style=\"background: #fdfdfd;padding: 20px;border: 1px dashed #ccc;margin: 20px 0\"><strong>Table des mati\u00e8res<\/strong><\/p>\n<ul>\n<li><a href=\"#histoire\">L&#8217;intrigue fascinante d&#8217;un destin crois\u00e9<\/a><\/li>\n<li><a href=\"#analyse\">Analyse des personnages : Emma et Dexter<\/a><\/li>\n<li><a href=\"#services\">L&#8217;engagement Mabooko : Qualit\u00e9 et Service<\/a><\/li>\n<li><a href=\"#logistique\">Livraison Gratuite et Paiement Facilit\u00e9<\/a><\/li>\n<\/ul>\n<\/div>\n<h2 id=\"histoire\">Pourquoi lire Un Jour Maroc de David Nicholls ?<\/h2>\n<p>L&#8217;achat du livre <strong>Un Jour Maroc<\/strong> vous plonge dans une structure narrative r\u00e9volutionnaire. L&#8217;histoire commence le 15 juillet 1988, jour de la remise des dipl\u00f4mes d&#8217;Emma Morley et Dexter Mayhew. David Nicholls choisit de nous montrer leur \u00e9volution uniquement \u00e0 cette date pr\u00e9cise, chaque ann\u00e9e, pendant vingt ans. Ce proc\u00e9d\u00e9 permet de saisir l&#8217;essence m\u00eame du passage du temps, des r\u00eaves qui s&#8217;\u00e9tiolent et des amours qui persistent malgr\u00e9 les temp\u00eates de la vie adulte.<\/p>\n<p>Chaque chapitre de <strong>Un Jour Maroc<\/strong> est une fen\u00eatre ouverte sur une nouvelle \u00e9tape de leur existence. On y voit la transition entre l&#8217;id\u00e9alisme de la jeunesse et les compromis n\u00e9cessaires de la maturit\u00e9. C&#8217;est un livre qui r\u00e9sonne profond\u00e9ment avec le public au Maroc, car il traite de th\u00e8mes universels : l&#8217;amiti\u00e9, la r\u00e9ussite sociale, et le moment o\u00f9 l&#8217;on r\u00e9alise que le bonheur \u00e9tait peut-\u00eatre juste \u00e0 c\u00f4t\u00e9 de nous depuis le d\u00e9but.<\/p>\n<h3 id=\"analyse\">Une \u0153uvre litt\u00e9raire d&#8217;une rare finesse<\/h3>\n<p>Dans <strong>Un Jour Maroc<\/strong>, les personnages ne sont pas des arch\u00e9types, mais des \u00eatres humains complexes et faillibles. Emma est une intellectuelle de gauche, dr\u00f4le et peu s\u00fbre d&#8217;elle, tandis que Dexter est un fils de famille charismatique qui go\u00fbte aux plaisirs \u00e9ph\u00e9m\u00e8res de la c\u00e9l\u00e9brit\u00e9. Leur alchimie est le c\u0153ur battant du r\u00e9cit. La force de David Nicholls r\u00e9side dans son \u00e9criture \u00e9l\u00e9gante, capable de passer d&#8217;un humour britannique piquant \u00e0 une m\u00e9lancolie d\u00e9chirante en une seule phrase.<\/p>\n<p>Poss\u00e9der cet exemplaire de <strong>Un Jour Maroc<\/strong> dans votre biblioth\u00e8que personnelle est un gage de go\u00fbt pour la litt\u00e9rature de qualit\u00e9. C&#8217;est un roman que l&#8217;on relit avec un regard neuf \u00e0 chaque \u00e9tape de sa propre vie, y trouvant toujours une nouvelle r\u00e9sonance ou une \u00e9motion jusque-l\u00e0 inaper\u00e7ue.<\/p>\n<h2 id=\"services\">Commandez Un Jour Maroc sur Mabooko : Le choix de l&#8217;excellence<\/h2>\n<p>Faire l&#8217;acquisition de <strong>Un Jour Maroc<\/strong> sur notre boutique en ligne Mabooko (mabooko.com), c&#8217;est opter pour la garantie d&#8217;un produit authentique. Nous luttons activement contre la contrefa\u00e7on en ne proposant que des livres originaux, respectant ainsi le travail de l&#8217;auteur et des \u00e9diteurs. La qualit\u00e9 du papier, la nettet\u00e9 de l&#8217;impression et la robustesse de la reliure sont nos priorit\u00e9s pour vous offrir un confort de lecture optimal.<\/p>\n<p>Nous savons que les lecteurs marocains sont exigeants. C&#8217;est pourquoi l&#8217;offre <strong>Un Jour Maroc<\/strong> sur Mabooko inclut des avantages exclusifs qui font notre r\u00e9putation \u00e0 travers tout le royaume. Nous ne nous contentons pas de vendre un livre, nous vous offrons une exp\u00e9rience client compl\u00e8te et s\u00e9curis\u00e9e.<\/p>\n<h3 id=\"logistique\">Livraison Gratuite et Paiement \u00e0 la livraison dans tout le Maroc<\/h3>\n<p>La logistique est au c\u0153ur de notre service. Pour chaque commande de <strong>Un Jour Maroc<\/strong>, Mabooko vous offre la <strong>Livraison Gratuite<\/strong>, que vous r\u00e9sidiez dans les grandes m\u00e9tropoles comme Casablanca, Rabat, Marrakech, ou dans les r\u00e9gions les plus \u00e9loign\u00e9es du Maroc. Notre r\u00e9seau de distribution performant assure une r\u00e9ception rapide et en parfait \u00e9tat de votre colis.<\/p>\n<p>De plus, pour votre enti\u00e8re tranquillit\u00e9 d&#8217;esprit, nous pratiquons le <strong>Paiement \u00e0 la livraison<\/strong>. Vous passez commande en quelques clics et vous ne r\u00e9glez le montant qu&#8217;\u00e0 la r\u00e9ception de votre livre. C&#8217;est la garantie Mabooko pour un achat sans stress et 100% s\u00e9curis\u00e9.<\/p>\n<p>En conclusion, si vous cherchez un roman qui saura vous bouleverser et vous faire r\u00e9fl\u00e9chir sur le sens profond des relations humaines, ne cherchez plus. Le livre <strong>Un Jour Maroc<\/strong> de David Nicholls est l&#8217;investissement litt\u00e9raire id\u00e9al. Profitez de nos tarifs comp\u00e9titifs, de l&#8217;assurance d&#8217;un ouvrage original et de nos services logistiques premium pour enrichir votre collection d\u00e8s aujourd&#8217;hui. Laissez-vous transporter par l&#8217;histoire inoubliable d&#8217;Emma et Dexter, une lecture qui, nous en sommes convaincus, marquera votre parcours de lecteur au Maroc.<\/p>\n<\/div>","protected":false},"excerpt":{"rendered":"<p>Plongez dans l&#8217;histoire d&#8217;amour la plus embl\u00e9matique de notre g\u00e9n\u00e9ration. &#8220;Un Jour&#8221; de David Nicholls vous invite \u00e0 suivre Emma et Dexter chaque 15 juillet pendant vingt ans. Disponible d\u00e8s maintenant sur Mabooko, profitez de la livraison gratuite et du paiement \u00e0 la livraison partout au Maroc pour cette \u0153uvre incontournable.<\/p>","protected":false},"featured_media":26522,"comment_status":"open","ping_status":"closed","template":"","meta":[],"product_brand":[],"product_cat":[249,197,135],"product_tag":[],"product_publisher":[],"class_list":{"0":"post-5995","1":"product","2":"type-product","3":"status-publish","4":"has-post-thumbnail","6":"product_cat-french-books","7":"product_cat-contemporary","8":"product_cat-romance","10":"first","11":"instock","12":"sale","13":"shipping-taxable","14":"purchasable","15":"product-type-simple"},"_links":{"self":[{"href":"https:\/\/mabooko.com\/fr\/wp-json\/wp\/v2\/product\/5995","targetHints":{"allow":["GET"]}}],"collection":[{"href":"https:\/\/mabooko.com\/fr\/wp-json\/wp\/v2\/product"}],"about":[{"href":"https:\/\/mabooko.com\/fr\/wp-json\/wp\/v2\/types\/product"}],"replies":[{"embeddable":true,"href":"https:\/\/mabooko.com\/fr\/wp-json\/wp\/v2\/comments?post=5995"}],"version-history":[{"count":3,"href":"https:\/\/mabooko.com\/fr\/wp-json\/wp\/v2\/product\/5995\/revisions"}],"predecessor-version":[{"id":26521,"href":"https:\/\/mabooko.com\/fr\/wp-json\/wp\/v2\/product\/5995\/revisions\/26521"}],"wp:featuredmedia":[{"embeddable":true,"href":"https:\/\/mabooko.com\/fr\/wp-json\/wp\/v2\/media\/26522"}],"wp:attachment":[{"href":"https:\/\/mabooko.com\/fr\/wp-json\/wp\/v2\/media?parent=5995"}],"wp:term":[{"taxonomy":"product_brand","embeddable":true,"href":"https:\/\/mabooko.com\/fr\/wp-json\/wp\/v2\/product_brand?post=5995"},{"taxonomy":"product_cat","embeddable":true,"href":"https:\/\/mabooko.com\/fr\/wp-json\/wp\/v2\/product_cat?post=5995"},{"taxonomy":"product_tag","embeddable":true,"href":"https:\/\/mabooko.com\/fr\/wp-json\/wp\/v2\/product_tag?post=5995"},{"taxonomy":"product_publisher","embeddable":true,"href":"https:\/\/mabooko.com\/fr\/wp-json\/wp\/v2\/product_publisher?post=5995"}],"curies":[{"name":"wp","href":"https:\/\/api.w.org\/{rel}","templated":true}]}}