{"id":33194,"date":"2026-05-04T13:45:51","date_gmt":"2026-05-04T13:45:51","guid":{"rendered":"https:\/\/mabooko.com\/?post_type=product&#038;p=33194"},"modified":"2026-05-04T13:45:52","modified_gmt":"2026-05-04T13:45:52","slug":"les-enfermes-maroc","status":"publish","type":"product","link":"https:\/\/mabooko.com\/fr\/produit\/les-enfermes-maroc\/","title":{"rendered":"Les Enferm\u00e9s"},"content":{"rendered":"<div>\n<p><strong>Les Enferm\u00e9s Maroc<\/strong> est bien plus qu&#8217;un simple livre ; c&#8217;est un cri d&#8217;alerte contre les failles d&#8217;un syst\u00e8me judiciaire parfois aveugle. Chez Mabooko, nous avons \u00e0 c\u0153ur de proposer des ouvrages qui marquent les esprits, et cette collaboration entre le c\u00e9l\u00e8bre romancier John Grisham et Jim McCloskey, pionnier de la lutte pour l&#8217;exon\u00e9ration des innocents, en est l&#8217;exemple parfait. En choisissant Mabooko, vous avez la garantie d&#8217;acqu\u00e9rir un livre original avec les avantages du service local : Livraison Gratuite et Paiement \u00e0 la Livraison.<\/p>\n<h3>Table des mati\u00e8res<\/h3>\n<ul>\n<li><a href=\"#apercu\">Aper\u00e7u du livre : La v\u00e9rit\u00e9 derri\u00e8re les barreaux<\/a><\/li>\n<li><a href=\"#auteurs\">Les Auteurs : Un duo pour la justice<\/a><\/li>\n<li><a href=\"#pourquoi-lire\">Pourquoi ce livre est indispensable au Maroc<\/a><\/li>\n<li><a href=\"#service-mabooko\">Pourquoi commander chez Mabooko ?<\/a><\/li>\n<\/ul>\n<h2 id=\"apercu\">Dix destins bris\u00e9s : L&#8217;essence de Les Enferm\u00e9s Maroc<\/h2>\n<p>Dans cet ouvrage magistral, John Grisham d\u00e9laisse pour un instant la fiction qui a fait sa renomm\u00e9e mondiale pour s&#8217;attaquer \u00e0 la r\u00e9alit\u00e9 brutale des tribunaux. <strong>Les Enferm\u00e9s Maroc<\/strong> nous pr\u00e9sente dix r\u00e9cits r\u00e9els o\u00f9 des hommes et des femmes ont \u00e9t\u00e9 condamn\u00e9s pour des crimes qu&#8217;ils n&#8217;ont jamais commis. Chaque chapitre explore les raisons de ces fiascos judiciaires : faux t\u00e9moignages, preuves scientifiques erron\u00e9es ou mauvaise conduite de la police et du parquet.<\/p>\n<p>Gr\u00e2ce \u00e0 la plume immersive de Grisham, le lecteur est transport\u00e9 au c\u0153ur de ces enqu\u00eates de longue haleine men\u00e9es par Jim McCloskey et son organisation, Centurion Ministries. Ce livre n&#8217;est pas seulement une d\u00e9nonciation ; c&#8217;est un hommage \u00e0 la r\u00e9silience humaine et \u00e0 la pers\u00e9v\u00e9rance de ceux qui refusent d&#8217;abandonner face \u00e0 l&#8217;injustice. Que vous soyez passionn\u00e9 de droit ou amateur de r\u00e9cits authentiques, <strong>Les Enferm\u00e9s Maroc<\/strong> saura vous captiver d\u00e8s la premi\u00e8re page.<\/p>\n<h3 id=\"auteurs\">Grisham et McCloskey : L&#8217;expertise au service des innocents<\/h3>\n<p>La force de cet ouvrage r\u00e9side dans la compl\u00e9mentarit\u00e9 de ses auteurs. John Grisham, dont les thrillers juridiques ont conquis des millions de lecteurs au <strong>Maroc<\/strong> et dans le monde, apporte son talent de narrateur exceptionnel. De l&#8217;autre c\u00f4t\u00e9, Jim McCloskey apporte sa cr\u00e9dibilit\u00e9 d&#8217;enqu\u00eateur de terrain, ayant pass\u00e9 plus de quarante ans \u00e0 lib\u00e9rer des innocents de prison. Ensemble, ils d\u00e9cortiquent les engrenages d&#8217;une machine judiciaire qui, une fois lanc\u00e9e, a du mal \u00e0 admettre ses erreurs.<\/p>\n<p>Chez <strong>Mabooko<\/strong>, nous savons que le public marocain est de plus en plus friand de litt\u00e9rature &#8220;True Crime&#8221; de qualit\u00e9. En proposant <strong>Les Enferm\u00e9s Maroc<\/strong>, nous r\u00e9pondons \u00e0 ce besoin de comprendre les enjeux soci\u00e9taux et juridiques contemporains \u00e0 travers des histoires qui d\u00e9passent souvent la fiction.<\/p>\n<p id=\"pourquoi-lire\">Lire <strong>Les Enferm\u00e9s Maroc<\/strong>, c&#8217;est aussi s&#8217;interroger sur la fragilit\u00e9 de la libert\u00e9. Ce livre souligne l&#8217;importance d&#8217;une d\u00e9fense juste et de la vigilance citoyenne. Les cas pr\u00e9sent\u00e9s ici, bien qu&#8217;am\u00e9ricains, r\u00e9sonnent avec une dimension universelle qui touche chaque lecteur, peu importe sa situation g\u00e9ographique. C&#8217;est un plaidoyer vibrant pour la r\u00e9forme et la v\u00e9rit\u00e9.<\/p>\n<p id=\"service-mabooko\">Pourquoi faire confiance \u00e0 Mabooko pour votre achat ? Notre librairie en ligne s&#8217;engage \u00e0 d\u00e9mocratiser l&#8217;acc\u00e8s \u00e0 la culture au <strong>Maroc<\/strong>. Nous garantissons des ouvrages originaux pour une exp\u00e9rience de lecture optimale. De plus, pour faciliter votre commande, nous offrons la <strong>Livraison Gratuite<\/strong> dans toutes les villes du royaume, de Casablanca \u00e0 Agadir, en passant par Tanger et Oujda. Pour plus de s\u00e9curit\u00e9 et de confort, le <strong>Paiement \u00e0 la Livraison<\/strong> est disponible sur l&#8217;ensemble de notre catalogue.<\/p>\n<p>Ne manquez pas l&#8217;opportunit\u00e9 d&#8217;ajouter ce chef-d&#8217;\u0153uvre de non-fiction \u00e0 votre biblioth\u00e8que. <strong>Les Enferm\u00e9s Maroc<\/strong> est un investissement intellectuel n\u00e9cessaire pour quiconque souhaite comprendre les dessous sombres du droit. Commandez d\u00e8s maintenant chez Mabooko et laissez-vous emporter par cette qu\u00eate acharn\u00e9e de justice.<\/p>\n<p>En r\u00e9sum\u00e9, en achetant votre exemplaire chez nous, vous b\u00e9n\u00e9ficiez du meilleur prix, d&#8217;un service client irr\u00e9prochable et de la rapidit\u00e9 de notre logistique marocaine. L&#8217;histoire de ces innocents attend d&#8217;\u00eatre connue, et c&#8217;est \u00e0 travers vos lectures que leur combat continue d&#8217;exister.<\/p>\n<\/div>","protected":false},"excerpt":{"rendered":"<p>D\u00e9couvrez **Les Enferm\u00e9s Maroc**, le nouveau chef-d&#8217;\u0153uvre de non-fiction sign\u00e9 John Grisham et Jim McCloskey. Un r\u00e9cit poignant de 426 pages sur l&#8217;injustice et la r\u00e9silience. Livre original, Livraison Gratuite et Paiement \u00e0 la Livraison partout au Maroc avec Mabooko.<\/p>","protected":false},"featured_media":33195,"comment_status":"open","ping_status":"closed","template":"","meta":[],"product_brand":[],"product_cat":[249,136,128],"product_tag":[],"product_publisher":[],"class_list":{"0":"post-33194","1":"product","2":"type-product","3":"status-publish","4":"has-post-thumbnail","6":"product_cat-french-books","7":"product_cat-crime","8":"product_cat-non-fiction","10":"first","11":"instock","12":"sale","13":"shipping-taxable","14":"purchasable","15":"product-type-simple"},"_links":{"self":[{"href":"https:\/\/mabooko.com\/fr\/wp-json\/wp\/v2\/product\/33194","targetHints":{"allow":["GET"]}}],"collection":[{"href":"https:\/\/mabooko.com\/fr\/wp-json\/wp\/v2\/product"}],"about":[{"href":"https:\/\/mabooko.com\/fr\/wp-json\/wp\/v2\/types\/product"}],"replies":[{"embeddable":true,"href":"https:\/\/mabooko.com\/fr\/wp-json\/wp\/v2\/comments?post=33194"}],"version-history":[{"count":1,"href":"https:\/\/mabooko.com\/fr\/wp-json\/wp\/v2\/product\/33194\/revisions"}],"predecessor-version":[{"id":33196,"href":"https:\/\/mabooko.com\/fr\/wp-json\/wp\/v2\/product\/33194\/revisions\/33196"}],"wp:featuredmedia":[{"embeddable":true,"href":"https:\/\/mabooko.com\/fr\/wp-json\/wp\/v2\/media\/33195"}],"wp:attachment":[{"href":"https:\/\/mabooko.com\/fr\/wp-json\/wp\/v2\/media?parent=33194"}],"wp:term":[{"taxonomy":"product_brand","embeddable":true,"href":"https:\/\/mabooko.com\/fr\/wp-json\/wp\/v2\/product_brand?post=33194"},{"taxonomy":"product_cat","embeddable":true,"href":"https:\/\/mabooko.com\/fr\/wp-json\/wp\/v2\/product_cat?post=33194"},{"taxonomy":"product_tag","embeddable":true,"href":"https:\/\/mabooko.com\/fr\/wp-json\/wp\/v2\/product_tag?post=33194"},{"taxonomy":"product_publisher","embeddable":true,"href":"https:\/\/mabooko.com\/fr\/wp-json\/wp\/v2\/product_publisher?post=33194"}],"curies":[{"name":"wp","href":"https:\/\/api.w.org\/{rel}","templated":true}]}}