{"id":32604,"date":"2026-04-27T19:50:31","date_gmt":"2026-04-27T19:50:31","guid":{"rendered":"https:\/\/mabooko.com\/?post_type=product&#038;p=32604"},"modified":"2026-04-27T19:50:33","modified_gmt":"2026-04-27T19:50:33","slug":"le-palais-des-illusions-maroc","status":"publish","type":"product","link":"https:\/\/mabooko.com\/fr\/produit\/le-palais-des-illusions-maroc\/","title":{"rendered":"Le Palais Des Illusions"},"content":{"rendered":"<div>\n<p><strong>Le Palais Des Illusions Maroc<\/strong> est le chef-d\u2019\u0153uvre incontournable de Chitra Banerjee Divakaruni qui r\u00e9invente l\u2019\u00e9pop\u00e9e mill\u00e9naire du Mahabharata \u00e0 travers la voix puissante de Panchaali. Chez Mabooko, votre librairie de r\u00e9f\u00e9rence, nous nous engageons \u00e0 offrir aux lecteurs passionn\u00e9s cette \u00e9dition originale captivante, livr\u00e9e directement chez vous avec la <strong>Livraison Gratuite<\/strong> et l&#8217;option de <strong>Paiement \u00e0 la livraison<\/strong> dans toutes les villes du pays, de Tanger \u00e0 Lagouira.<\/p>\n<div style=\"border: 1px solid #dddddd;padding: 15px;background-color: #fcfcfc;margin: 20px 0\">\n<p style=\"font-weight: bold;margin-top: 0\">Sommaire<\/p>\n<ul style=\"list-style-type: disc;padding-left: 20px\">\n<li><a href=\"#mythologie\">Une mythologie revisit\u00e9e avec Le Palais Des Illusions Maroc<\/a><\/li>\n<li><a href=\"#destin\">La force d&#8217;une h\u00e9ro\u00efne inoubliable<\/a><\/li>\n<li><a href=\"#mabooko\">Pourquoi commander sur Mabooko Maroc ?<\/a><\/li>\n<\/ul>\n<\/div>\n<h2 id=\"mythologie\">Une \u00e9pop\u00e9e mythique \u00e0 d\u00e9couvrir avec Le Palais Des Illusions Maroc<\/h2>\n<p>Le roman <strong>Le Palais Des Illusions Maroc<\/strong> transporte le lecteur dans une Inde ancienne empreinte de magie, de guerriers et de divinit\u00e9s. Contrairement aux r\u00e9cits classiques centr\u00e9s sur les h\u00e9ros masculins, l&#8217;autrice donne ici la parole \u00e0 la reine Panchaali, aussi connue sous le nom de Draupadi. Ce changement de perspective transforme une \u00e9pop\u00e9e guerri\u00e8re en un r\u00e9cit psychologique d&#8217;une rare intensit\u00e9. Les lecteurs \u00e0 Casablanca, Rabat et Marrakech d\u00e9couvriront, en lisant <strong>Le Palais Des Illusions Maroc<\/strong>, un monde o\u00f9 le destin est trac\u00e9 par les dieux, mais o\u00f9 la volont\u00e9 humaine tente d\u00e9sesp\u00e9r\u00e9ment de s&#8217;imposer contre les vents contraires.<\/p>\n<p>Dans ce palais merveilleux aux murs d&#8217;eau et aux illusions d&#8217;optique, Panchaali navigue entre son mariage unique avec les cinq fr\u00e8res Pandavas et sa relation mystique et profonde avec Krishna. L\u2019intrigue de <strong>Le Palais Des Illusions Maroc<\/strong> est riche en \u00e9motions, en rebondissements politiques et en le\u00e7ons de vie universelles. Chaque exemplaire vendu par Mabooko est une garantie de qualit\u00e9 et d&#8217;authenticit\u00e9 pour votre biblioth\u00e8que personnelle. L&#8217;\u00e9criture fluide et po\u00e9tique de Divakaruni rend hommage \u00e0 la tradition tout en y apportant une modernit\u00e9 n\u00e9cessaire qui r\u00e9sonne avec les enjeux contemporains.<\/p>\n<p>Au fil des 458 pages de ce r\u00e9cit dense, l&#8217;autrice explore les th\u00e8mes du sacrifice, de la trahison et de la qu\u00eate de soi. <strong>Le Palais Des Illusions Maroc<\/strong> n&#8217;est pas seulement un livre d&#8217;histoire ou de mythes, c&#8217;est une r\u00e9flexion sur la condition humaine et la recherche de la v\u00e9rit\u00e9 derri\u00e8re les apparences trompeuses du pouvoir. C&#8217;est cette profondeur th\u00e9matique qui a permis \u00e0 l&#8217;\u0153uvre de devenir un best-seller mondial appr\u00e9ci\u00e9 par toutes les g\u00e9n\u00e9rations de lecteurs.<\/p>\n<h3 id=\"destin\">La voix de Panchaali dans Le Palais Des Illusions Maroc<\/h3>\n<p>Le succ\u00e8s ph\u00e9nom\u00e9nal de <strong>Le Palais Des Illusions Maroc<\/strong> repose sur la complexit\u00e9 psychologique de son h\u00e9ro\u00efne. Panchaali n&#8217;est pas seulement une reine de l\u00e9gende soumise \u00e0 son sort ; c&#8217;est une femme d&#8217;esprit qui cherche activement sa place dans un monde domin\u00e9 par les hommes. Son intelligence, sa r\u00e9partie et sa r\u00e9silience sont au c\u0153ur de chaque chapitre. En plongeant dans <strong>Le Palais Des Illusions Maroc<\/strong>, vous comprendrez les dilemmes moraux et les passions interdites qui ont men\u00e9 \u00e0 la grande guerre de Kurukshetra, changeant \u00e0 jamais le visage de l&#8217;Inde antique.<\/p>\n<h2 id=\"mabooko\">Livraison Gratuite et Paiement \u00e0 la livraison sur Mabooko<\/h2>\n<p>Acheter votre exemplaire de <strong>Le Palais Des Illusions Maroc<\/strong> sur notre site vous assure un service irr\u00e9prochable et une tranquillit\u00e9 d&#8217;esprit totale. Mabooko est la destination privil\u00e9gi\u00e9e pour acqu\u00e9rir des livres originaux au Royaume du <strong>Maroc<\/strong>. Nous offrons la <strong>Livraison Gratuite<\/strong> sur toutes vos commandes, garantissant que votre ouvrage arrive entre vos mains en parfait \u00e9tat, pr\u00eat \u00e0 \u00eatre d\u00e9vor\u00e9. De plus, notre service de <strong>Paiement \u00e0 la livraison<\/strong> vous permet de commander en toute confiance, sans avoir besoin de carte bancaire en ligne.<\/p>\n<p>Que vous soyez un passionn\u00e9 de mythologie indienne, un \u00e9tudiant en litt\u00e9rature ou simplement un amateur de grande fiction contemporaine, ce roman est un ajout indispensable \u00e0 votre collection. Ce qui rend <strong>Le Palais Des Illusions Maroc<\/strong> unique, c&#8217;est sa capacit\u00e9 \u00e0 transformer un r\u00e9cit \u00e9pique en une exp\u00e9rience intime et touchante. Faites confiance \u00e0 Mabooko pour enrichir votre culture avec des \u0153uvres originales livr\u00e9es rapidement. Ne manquez pas votre exemplaire de <strong>Le Palais Des Illusions Maroc<\/strong> et laissez-vous emporter par la magie d&#8217;un r\u00e9cit l\u00e9gendaire qui a d\u00e9j\u00e0 conquis des millions de c\u0153urs \u00e0 travers le monde.<\/p>\n<\/div>","protected":false},"excerpt":{"rendered":"<p>Achetez Le Palais Des Illusions Maroc sur Mabooko. Livre original, Livraison Gratuite et Paiement \u00e0 la livraison partout au Maroc. Commandez votre exemplaire d\u00e8s aujourd&#8217;hui.<\/p>","protected":false},"featured_media":32605,"comment_status":"open","ping_status":"closed","template":"","meta":[],"product_brand":[],"product_cat":[249,131,118,127,141],"product_tag":[],"product_publisher":[],"class_list":{"0":"post-32604","1":"product","2":"type-product","3":"status-publish","4":"has-post-thumbnail","6":"product_cat-french-books","7":"product_cat-classics","8":"product_cat-fantasy","9":"product_cat-fiction","10":"product_cat-history","12":"first","13":"instock","14":"sale","15":"shipping-taxable","16":"purchasable","17":"product-type-simple"},"_links":{"self":[{"href":"https:\/\/mabooko.com\/fr\/wp-json\/wp\/v2\/product\/32604","targetHints":{"allow":["GET"]}}],"collection":[{"href":"https:\/\/mabooko.com\/fr\/wp-json\/wp\/v2\/product"}],"about":[{"href":"https:\/\/mabooko.com\/fr\/wp-json\/wp\/v2\/types\/product"}],"replies":[{"embeddable":true,"href":"https:\/\/mabooko.com\/fr\/wp-json\/wp\/v2\/comments?post=32604"}],"version-history":[{"count":1,"href":"https:\/\/mabooko.com\/fr\/wp-json\/wp\/v2\/product\/32604\/revisions"}],"predecessor-version":[{"id":32606,"href":"https:\/\/mabooko.com\/fr\/wp-json\/wp\/v2\/product\/32604\/revisions\/32606"}],"wp:featuredmedia":[{"embeddable":true,"href":"https:\/\/mabooko.com\/fr\/wp-json\/wp\/v2\/media\/32605"}],"wp:attachment":[{"href":"https:\/\/mabooko.com\/fr\/wp-json\/wp\/v2\/media?parent=32604"}],"wp:term":[{"taxonomy":"product_brand","embeddable":true,"href":"https:\/\/mabooko.com\/fr\/wp-json\/wp\/v2\/product_brand?post=32604"},{"taxonomy":"product_cat","embeddable":true,"href":"https:\/\/mabooko.com\/fr\/wp-json\/wp\/v2\/product_cat?post=32604"},{"taxonomy":"product_tag","embeddable":true,"href":"https:\/\/mabooko.com\/fr\/wp-json\/wp\/v2\/product_tag?post=32604"},{"taxonomy":"product_publisher","embeddable":true,"href":"https:\/\/mabooko.com\/fr\/wp-json\/wp\/v2\/product_publisher?post=32604"}],"curies":[{"name":"wp","href":"https:\/\/api.w.org\/{rel}","templated":true}]}}