{"id":28856,"date":"2026-03-26T02:35:40","date_gmt":"2026-03-26T02:35:40","guid":{"rendered":"https:\/\/mabooko.com\/?post_type=product&#038;p=28856"},"modified":"2026-03-26T02:36:50","modified_gmt":"2026-03-26T02:36:50","slug":"netotchka-nezvanova-fedor-dostoievski-maroc-french","status":"publish","type":"product","link":"https:\/\/mabooko.com\/fr\/produit\/netotchka-nezvanova-fedor-dostoievski-maroc-french\/","title":{"rendered":"N\u00e9totchka Nezvanova"},"content":{"rendered":"<p>D\u00e8s la premi\u00e8re phrase de <strong>N\u00e9totchka Nezvanova<\/strong>, l&#8217;illustre romancier russe F\u00e9dor Dosto\u00efevski nous plonge dans un univers d&#8217;une intensit\u00e9 \u00e9motionnelle rare. R\u00e9dig\u00e9 entre 1847 et 1849, avant que l&#8217;auteur ne soit contraint \u00e0 l&#8217;exil en Sib\u00e9rie, ce roman d&#8217;apprentissage captivant brosse le portrait intimiste d&#8217;une jeune fille confront\u00e9e d\u00e8s son plus jeune \u00e2ge aux trag\u00e9dies de la vie et \u00e0 la complexit\u00e9 des relations humaines.<\/p>\n<p>Chez Mabooko, votre librairie de r\u00e9f\u00e9rence, nous nous engageons \u00e0 vous offrir des \u0153uvres marquantes pour enrichir votre quotidien au Maroc. Red\u00e9couvrez ce grand classique de la litt\u00e9rature \u00e9trang\u00e8re dans les meilleures conditions, soutenu par nos services de livraison gratuite et de paiement \u00e0 la livraison pour vous garantir une s\u00e9r\u00e9nit\u00e9 totale lors de vos achats litt\u00e9raires.<\/p>\n<div class=\"toc\" style=\"background: #f9f9f9;padding: 15px;border: 1px solid #ddd;margin-bottom: 20px\">\n<p><strong>Table des mati\u00e8res<\/strong><\/p>\n<ul>\n<li><a href=\"#synopsis\">Une exploration poignante de l&#8217;\u00e2me humaine<\/a><\/li>\n<li><a href=\"#auteur\">Le g\u00e9nie intemporel de F\u00e9dor Dosto\u00efevski<\/a><\/li>\n<li><a href=\"#pourquoi-lire\">Pourquoi lire ce classique litt\u00e9raire ?<\/a><\/li>\n<li><a href=\"#services-mabooko\">Vos avantages exclusifs avec Mabooko<\/a><\/li>\n<\/ul>\n<\/div>\n<h2 id=\"synopsis\">Une exploration poignante de l&#8217;\u00e2me humaine<\/h2>\n<p>L&#8217;intrigue de <strong>N\u00e9totchka Nezvanova<\/strong> suit le destin chaotique d&#8217;une jeune orpheline. Initialement \u00e9lev\u00e9e dans l&#8217;ombre d&#8217;un beau-p\u00e8re musicien talentueux mais sombrant dans l&#8217;alcoolisme et la folie, N\u00e9totchka d\u00e9veloppe une sensibilit\u00e9 \u00e0 fleur de peau et un amour passionnel pour l&#8217;art. Recueillie par une famille aristocratique apr\u00e8s un drame familial, elle d\u00e9couvre un autre monde, plus feutr\u00e9 mais tout aussi empreint de secrets, de rivalit\u00e9s et de souffrances silencieuses.<\/p>\n<h3 id=\"auteur\">Le g\u00e9nie intemporel de F\u00e9dor Dosto\u00efevski<\/h3>\n<p>Bien que cette \u0153uvre soit rest\u00e9e inachev\u00e9e suite \u00e0 l&#8217;arrestation de son cr\u00e9ateur, elle contient d\u00e9j\u00e0 en germe toute la force psychologique qui fera la renomm\u00e9e de ses futurs chefs-d&#8217;\u0153uvre. L&#8217;\u00e9crivain diss\u00e8que avec une pr\u00e9cision chirurgicale les tourments de ses personnages, d\u00e9voilant leurs failles morales et leurs aspirations contrari\u00e9es. C&#8217;est un texte fondamental pour comprendre l&#8217;\u00e9volution de la pens\u00e9e dosto\u00efevskienne et son approche magistrale de la narration romanesque.<\/p>\n<h2 id=\"pourquoi-lire\">Pourquoi lire ce classique litt\u00e9raire ?<\/h2>\n<p>Se plonger dans cette fiction, c&#8217;est accepter d&#8217;\u00eatre boulevers\u00e9 par la beaut\u00e9 tragique d&#8217;un r\u00e9cit qui interroge la place de l&#8217;artiste dans la soci\u00e9t\u00e9 et la vuln\u00e9rabilit\u00e9 de l&#8217;enfance. Le lecteur est in\u00e9vitablement emport\u00e9 par la dimension lyrique et la compassion profonde qui \u00e9manent de chaque page. C&#8217;est une lecture indispensable pour tous les passionn\u00e9s de grands textes classiques qui souhaitent sonder les myst\u00e8res de la condition humaine.<\/p>\n<h3 id=\"services-mabooko\">Vos avantages exclusifs avec Mabooko<\/h3>\n<p>En faisant confiance \u00e0 notre plateforme pour l&#8217;acquisition de vos ouvrages, vous choisissez la qualit\u00e9 avec Mabooko. Nous vous assurons la r\u00e9ception de livres originaux et soigneusement emball\u00e9s. Pour vous offrir une exp\u00e9rience d&#8217;achat optimale au Maroc, nous vous faisons b\u00e9n\u00e9ficier de la livraison gratuite \u00e0 domicile ainsi que de l&#8217;option de paiement \u00e0 la livraison. N&#8217;h\u00e9sitez plus \u00e0 commander ce tr\u00e9sor litt\u00e9raire et laissez-vous envo\u00fbter par le talent incomparable d&#8217;un g\u00e9ant des lettres.<\/p>","protected":false},"excerpt":{"rendered":"<p>D\u00e9couvrez N\u00e9totchka Nezvanova, l&#8217;\u0153uvre poignante de F\u00e9dor Dosto\u00efevski, disponible chez Mabooko. Plongez dans les tumultes de l&#8217;\u00e2me humaine \u00e0 travers ce roman inachev\u00e9 captivant. Profitez de notre service exceptionnel au Maroc incluant la livraison gratuite et le paiement \u00e0 la livraison pour toute commande de livres originaux.<\/p>","protected":false},"featured_media":28857,"comment_status":"open","ping_status":"closed","template":"","meta":[],"product_brand":[],"product_cat":[249,131,127,135],"product_tag":[],"product_publisher":[],"class_list":{"0":"post-28856","1":"product","2":"type-product","3":"status-publish","4":"has-post-thumbnail","6":"product_cat-french-books","7":"product_cat-classics","8":"product_cat-fiction","9":"product_cat-romance","11":"first","12":"instock","13":"sale","14":"shipping-taxable","15":"purchasable","16":"product-type-simple"},"_links":{"self":[{"href":"https:\/\/mabooko.com\/fr\/wp-json\/wp\/v2\/product\/28856","targetHints":{"allow":["GET"]}}],"collection":[{"href":"https:\/\/mabooko.com\/fr\/wp-json\/wp\/v2\/product"}],"about":[{"href":"https:\/\/mabooko.com\/fr\/wp-json\/wp\/v2\/types\/product"}],"replies":[{"embeddable":true,"href":"https:\/\/mabooko.com\/fr\/wp-json\/wp\/v2\/comments?post=28856"}],"version-history":[{"count":3,"href":"https:\/\/mabooko.com\/fr\/wp-json\/wp\/v2\/product\/28856\/revisions"}],"predecessor-version":[{"id":28860,"href":"https:\/\/mabooko.com\/fr\/wp-json\/wp\/v2\/product\/28856\/revisions\/28860"}],"wp:featuredmedia":[{"embeddable":true,"href":"https:\/\/mabooko.com\/fr\/wp-json\/wp\/v2\/media\/28857"}],"wp:attachment":[{"href":"https:\/\/mabooko.com\/fr\/wp-json\/wp\/v2\/media?parent=28856"}],"wp:term":[{"taxonomy":"product_brand","embeddable":true,"href":"https:\/\/mabooko.com\/fr\/wp-json\/wp\/v2\/product_brand?post=28856"},{"taxonomy":"product_cat","embeddable":true,"href":"https:\/\/mabooko.com\/fr\/wp-json\/wp\/v2\/product_cat?post=28856"},{"taxonomy":"product_tag","embeddable":true,"href":"https:\/\/mabooko.com\/fr\/wp-json\/wp\/v2\/product_tag?post=28856"},{"taxonomy":"product_publisher","embeddable":true,"href":"https:\/\/mabooko.com\/fr\/wp-json\/wp\/v2\/product_publisher?post=28856"}],"curies":[{"name":"wp","href":"https:\/\/api.w.org\/{rel}","templated":true}]}}