{"id":28849,"date":"2026-03-26T02:25:43","date_gmt":"2026-03-26T02:25:43","guid":{"rendered":"https:\/\/mabooko.com\/?post_type=product&#038;p=28849"},"modified":"2026-03-26T02:25:43","modified_gmt":"2026-03-26T02:25:43","slug":"civilisations-laurent-binet-maroc-french","status":"publish","type":"product","link":"https:\/\/mabooko.com\/fr\/produit\/civilisations-laurent-binet-maroc-french\/","title":{"rendered":"Civilisations"},"content":{"rendered":"<p>Plongez dans les pages de <strong>Civilisations<\/strong>, l&#8217;\u0153uvre magistrale et audacieuse de l&#8217;\u00e9crivain fran\u00e7ais Laurent Binet, qui redessine les contours de notre histoire. Dans ce r\u00e9cit fascinant, l&#8217;auteur nous invite \u00e0 imaginer un monde o\u00f9 Christophe Colomb n&#8217;a pas d\u00e9couvert l&#8217;Am\u00e9rique, mais o\u00f9, \u00e0 l&#8217;inverse, l&#8217;empereur inca Atahualpa d\u00e9barque dans l&#8217;Europe de Charles Quint. Ce roman historique, r\u00e9compens\u00e9 par le Grand Prix du roman de l&#8217;Acad\u00e9mie fran\u00e7aise, bouleverse nos certitudes et offre une r\u00e9flexion litt\u00e9raire d&#8217;une \u00e9l\u00e9gance rare sur les rencontres entre les peuples.<\/p>\n<p>Chez Mabooko, nous sommes fiers de vous proposer des \u0153uvres litt\u00e9raires originales et captivantes, soigneusement s\u00e9lectionn\u00e9es pour nos lecteurs exigeants au Maroc. Explorez cette \u00e9pop\u00e9e grandiose qui d\u00e9centre notre vision du monde et nous plonge dans une aventure humaine, politique et spirituelle hors du commun.<\/p>\n<div class=\"toc\" style=\"background: #f9f9f9;padding: 15px;border: 1px solid #ddd;margin-bottom: 20px\">\n<p><strong>Table des mati\u00e8res<\/strong><\/p>\n<ul>\n<li><a href=\"#synopsis\">Un synopsis renversant : L&#8217;histoire r\u00e9\u00e9crite<\/a><\/li>\n<li><a href=\"#auteur\">Laurent Binet : Un ma\u00eetre de l&#8217;uchronie<\/a><\/li>\n<li><a href=\"#pourquoi-lire\">Pourquoi lire ce chef-d&#8217;\u0153uvre ?<\/a><\/li>\n<li><a href=\"#services-mabooko\">Vos avantages exclusifs avec Mabooko<\/a><\/li>\n<\/ul>\n<\/div>\n<h2 id=\"synopsis\">Un synopsis renversant : L&#8217;histoire r\u00e9\u00e9crite<\/h2>\n<p>D\u00e8s les premi\u00e8res lignes de <strong>Civilisations<\/strong>, le lecteur est transport\u00e9 dans une dimension o\u00f9 les \u00e9v\u00e9nements fondateurs de notre \u00e8re prennent une trajectoire inattendue. En offrant aux populations autochtones d&#8217;Am\u00e9rique les armes, le fer et les anticorps, Laurent Binet imagine une invasion inca sur le sol europ\u00e9en. Le choc culturel qui en d\u00e9coule est d\u00e9peint avec un r\u00e9alisme saisissant, une plume raffin\u00e9e et un souci du d\u00e9tail historique qui forcent l&#8217;admiration. Le Vieux Continent, d\u00e9chir\u00e9 par les guerres de religion et l&#8217;Inquisition, se retrouve confront\u00e9 \u00e0 la sagesse et \u00e0 la strat\u00e9gie d&#8217;un souverain venu d&#8217;ailleurs.<\/p>\n<h3 id=\"auteur\">Laurent Binet : Un ma\u00eetre de l&#8217;uchronie<\/h3>\n<p>Agr\u00e9g\u00e9 de lettres et auteur acclam\u00e9, Laurent Binet manie l&#8217;art de la narration avec une virtuosit\u00e9 incontestable. Son \u00e9rudition transpara\u00eet \u00e0 travers chaque chapitre, m\u00ealant habilement faits r\u00e9els et fiction pure. Son \u00e9criture \u00e9l\u00e9gante et rythm\u00e9e donne vie \u00e0 des personnages complexes et \u00e0 des d\u00e9cors somptueux. Avec cette \u0153uvre, il s&#8217;impose d\u00e9finitivement comme l&#8217;un des romanciers fran\u00e7ais contemporains les plus brillants, capable de transformer un postulat hypoth\u00e9tique en une v\u00e9rit\u00e9 romanesque absolue.<\/p>\n<h2 id=\"pourquoi-lire\">Pourquoi lire ce chef-d&#8217;\u0153uvre ?<\/h2>\n<p>Lire cette uchronie, c&#8217;est s&#8217;offrir un voyage intellectuel et sensoriel unique. C&#8217;est l&#8217;occasion de questionner notre propre h\u00e9ritage culturel, les dynamiques de pouvoir et la fragilit\u00e9 de ce que nous nommons la destin\u00e9e. Chaque page est une invitation \u00e0 repenser l&#8217;alt\u00e9rit\u00e9 et l&#8217;histoire globale sous un prisme r\u00e9solument nouveau. C&#8217;est une lecture indispensable pour les amateurs de romans historiques, de fictions sp\u00e9culatives et de litt\u00e9rature de haute voltige.<\/p>\n<h3 id=\"services-mabooko\">Vos avantages exclusifs avec Mabooko<\/h3>\n<p>En choisissant d&#8217;acqu\u00e9rir ce livre sur notre librairie en ligne, vous b\u00e9n\u00e9ficiez de l&#8217;engagement qualit\u00e9 de Mabooko. Nous vous garantissons des livres originaux, \u00e0 la hauteur de votre passion pour la lecture. De plus, pour faciliter votre exp\u00e9rience d&#8217;achat au Maroc, nous vous offrons la livraison gratuite partout dans le royaume. Vous pouvez ainsi commander en toute s\u00e9r\u00e9nit\u00e9 gr\u00e2ce \u00e0 notre option de paiement \u00e0 la livraison. Enrichissez votre biblioth\u00e8que d\u00e8s aujourd&#8217;hui et laissez-vous captiver par la force des mots.<\/p>","protected":false},"excerpt":{"rendered":"<p>D\u00e9couvrez Civilisations, le roman magistral de Laurent Binet, disponible chez Mabooko. Plongez dans une uchronie fascinante o\u00f9 l&#8217;histoire du monde est r\u00e9\u00e9crite avec brio. Profitez de notre service exceptionnel au Maroc incluant la livraison gratuite et le paiement \u00e0 la livraison pour toute commande de livres originaux.<\/p>","protected":false},"featured_media":28850,"comment_status":"open","ping_status":"closed","template":"","meta":[],"product_brand":[],"product_cat":[249,141,178],"product_tag":[],"product_publisher":[],"class_list":{"0":"post-28849","1":"product","2":"type-product","3":"status-publish","4":"has-post-thumbnail","6":"product_cat-french-books","7":"product_cat-history","8":"product_cat-philosophy","10":"first","11":"instock","12":"sale","13":"shipping-taxable","14":"purchasable","15":"product-type-simple"},"_links":{"self":[{"href":"https:\/\/mabooko.com\/fr\/wp-json\/wp\/v2\/product\/28849","targetHints":{"allow":["GET"]}}],"collection":[{"href":"https:\/\/mabooko.com\/fr\/wp-json\/wp\/v2\/product"}],"about":[{"href":"https:\/\/mabooko.com\/fr\/wp-json\/wp\/v2\/types\/product"}],"replies":[{"embeddable":true,"href":"https:\/\/mabooko.com\/fr\/wp-json\/wp\/v2\/comments?post=28849"}],"version-history":[{"count":1,"href":"https:\/\/mabooko.com\/fr\/wp-json\/wp\/v2\/product\/28849\/revisions"}],"predecessor-version":[{"id":28851,"href":"https:\/\/mabooko.com\/fr\/wp-json\/wp\/v2\/product\/28849\/revisions\/28851"}],"wp:featuredmedia":[{"embeddable":true,"href":"https:\/\/mabooko.com\/fr\/wp-json\/wp\/v2\/media\/28850"}],"wp:attachment":[{"href":"https:\/\/mabooko.com\/fr\/wp-json\/wp\/v2\/media?parent=28849"}],"wp:term":[{"taxonomy":"product_brand","embeddable":true,"href":"https:\/\/mabooko.com\/fr\/wp-json\/wp\/v2\/product_brand?post=28849"},{"taxonomy":"product_cat","embeddable":true,"href":"https:\/\/mabooko.com\/fr\/wp-json\/wp\/v2\/product_cat?post=28849"},{"taxonomy":"product_tag","embeddable":true,"href":"https:\/\/mabooko.com\/fr\/wp-json\/wp\/v2\/product_tag?post=28849"},{"taxonomy":"product_publisher","embeddable":true,"href":"https:\/\/mabooko.com\/fr\/wp-json\/wp\/v2\/product_publisher?post=28849"}],"curies":[{"name":"wp","href":"https:\/\/api.w.org\/{rel}","templated":true}]}}