{"id":28620,"date":"2026-03-23T05:02:34","date_gmt":"2026-03-23T05:02:34","guid":{"rendered":"https:\/\/mabooko.com\/?post_type=product&#038;p=28620"},"modified":"2026-03-23T05:25:20","modified_gmt":"2026-03-23T05:25:20","slug":"comment-les-pays-font-faillite-ray-dalio-maroc0-french","status":"publish","type":"product","link":"https:\/\/mabooko.com\/fr\/produit\/comment-les-pays-font-faillite-ray-dalio-maroc0-french\/","title":{"rendered":"Pourquoi les pays font faillite"},"content":{"rendered":"<h2>Comment les pays font faillite : D\u00e9cryptage des grands cycles \u00e9conomiques<\/h2>\n<p>D\u00e8s les premi\u00e8res phrases de <strong>Comment les pays font faillite<\/strong>, Ray Dalio nous plonge dans une analyse historique et financi\u00e8re fascinante des supercycles de la dette qui fa\u00e7onnent et bouleversent notre monde. Ce chef-d&#8217;\u0153uvre majestueux de la pens\u00e9e \u00e9conomique contemporaine, d\u00e9sormais disponible au <strong>Maroc<\/strong> gr\u00e2ce \u00e0 la collection de <strong>Mabooko<\/strong>, offre un regard d&#8217;une rare lucidit\u00e9 sur les m\u00e9canismes macro\u00e9conomiques profonds qui conduisent in\u00e9vitablement \u00e0 l&#8217;effondrement ou \u00e0 la formidable r\u00e9silience des grandes nations souveraines. L&#8217;auteur nous invite \u00e0 un voyage dans le temps pour comprendre les sch\u00e9mas r\u00e9p\u00e9titifs qui r\u00e9gissent l&#8217;\u00e9conomie mondiale.<\/p>\n<nav class=\"toc\" style=\"background-color: #f9f9f9;padding: 15px;border-radius: 5px;margin-bottom: 20px\">\n<p style=\"margin-top: 0\"><strong>Table des mati\u00e8res<\/strong><\/p>\n<ul style=\"margin-bottom: 0\">\n<li><a href=\"#vision-globale\">Une vision globale de la macro\u00e9conomie<\/a><\/li>\n<li><a href=\"#cycles-dette\">L&#8217;anatomie d&#8217;une crise : Les cycles de la dette expliqu\u00e9s<\/a><\/li>\n<li><a href=\"#pourquoi-lire\">Pourquoi lire ce chef-d&#8217;\u0153uvre de Ray Dalio ?<\/a><\/li>\n<li><a href=\"#services-mabooko\">L&#8217;engagement de Mabooko pour vos lectures<\/a><\/li>\n<\/ul>\n<\/nav>\n<h3 id=\"vision-globale\">Une vision globale de la macro\u00e9conomie<\/h3>\n<p>Ray Dalio, figure de proue de l&#8217;investissement mondial et fondateur de Bridgewater Associates, utilise l&#8217;histoire comme un prisme pour \u00e9clairer notre pr\u00e9sent complexe. En \u00e9tudiant minutieusement les grandes crises financi\u00e8res pass\u00e9es \u00e0 travers cinq cents ans d&#8217;histoire \u00e9conomique, il met en lumi\u00e8re les forces politiques, g\u00e9opolitiques, naturelles et technologiques qui interagissent intimement avec les diff\u00e9rents cycles de la dette. Le livre <strong>Comment les pays font faillite<\/strong> devient ainsi une boussole strat\u00e9gique essentielle pour les investisseurs avis\u00e9s, les d\u00e9cideurs politiques et toute personne cherchant activement \u00e0 comprendre vers quel horizon se dirige l&#8217;\u00e9conomie mondiale.<\/p>\n<h3 id=\"cycles-dette\">L&#8217;anatomie d&#8217;une crise : Les cycles de la dette expliqu\u00e9s<\/h3>\n<p>L&#8217;ouvrage ne se contente pas de dresser un constat alarmant ; il d\u00e9compose litt\u00e9ralement la structure d&#8217;une crise. L&#8217;auteur identifie les phases successives de l&#8217;endettement d&#8217;une nation, depuis l&#8217;expansion euphorique jusqu&#8217;\u00e0 la compression in\u00e9vitable et le d\u00e9sendettement douloureux. L&#8217;ampleur d\u00e9mesur\u00e9e de la dette publique et les changements imminents de l&#8217;ordre mondial sont d\u00e9mystifi\u00e9s avec une clart\u00e9 p\u00e9dagogique remarquable, permettant d&#8217;assimiler des concepts financiers autrefois r\u00e9serv\u00e9s \u00e0 une \u00e9lite ferm\u00e9e.<\/p>\n<h3 id=\"pourquoi-lire\">Pourquoi lire ce chef-d&#8217;\u0153uvre de Ray Dalio ?<\/h3>\n<p>Que vous soyez un analyste aguerri cherchant \u00e0 affiner ses pr\u00e9visions, ou simplement un lecteur curieux de saisir les tenants et aboutissants des bouleversements internationaux, cet ouvrage monumental est sp\u00e9cialement con\u00e7u pour vous doter d&#8217;une nouvelle grille de lecture. Ce livre physique, \u00e0 ajouter imp\u00e9rativement \u00e0 votre collection, vous permettra d&#8217;anticiper avec justesse les dynamiques structurelles \u00e0 venir, de prot\u00e9ger vos actifs, et de saisir exactement comment les superpuissances mondiales g\u00e8rent leurs vuln\u00e9rabilit\u00e9s mon\u00e9taires face aux pressions ext\u00e9rieures.<\/p>\n<h3 id=\"services-mabooko\">L&#8217;engagement de Mabooko pour vos lectures<\/h3>\n<p>Chez <strong>Mabooko<\/strong>, notre vocation premi\u00e8re est de vous proposer des \u0153uvres imprim\u00e9es originales qui \u00e9l\u00e8vent et enrichissent votre esprit au quotidien. En commandant vos ouvrages sur notre librairie en ligne, vous profitez non seulement d&#8217;un catalogue riche et vari\u00e9, mais vous b\u00e9n\u00e9ficiez \u00e9galement d&#8217;une <strong>Livraison Gratuite<\/strong> directement \u00e0 votre domicile, et ce, dans toutes les villes du royaume. De plus, pour vous garantir une tranquillit\u00e9 d&#8217;esprit absolue lors de vos achats, nous appliquons fi\u00e8rement le <strong>Paiement \u00e0 la livraison<\/strong>. N&#8217;attendez plus pour faire de cet essai magistral la nouvelle pi\u00e8ce ma\u00eetresse de votre biblioth\u00e8que personnelle.<\/p>","protected":false},"excerpt":{"rendered":"<p>D\u00e9couvrez Comment les pays font faillite\u00a0de Ray Dalio, l&#8217;ouvrage de r\u00e9f\u00e9rence absolu pour comprendre les grands cycles de la dette et l&#8217;avenir de l&#8217;\u00e9conomie mondiale. Commandez d\u00e8s aujourd&#8217;hui sur Mabooko et profitez d&#8217;une livraison gratuite partout au Maroc avec l&#8217;avantage du paiement \u00e0 la livraison.<\/p>","protected":false},"featured_media":28621,"comment_status":"open","ping_status":"closed","template":"","meta":[],"product_brand":[],"product_cat":[249,168],"product_tag":[],"product_publisher":[],"class_list":{"0":"post-28620","1":"product","2":"type-product","3":"status-publish","4":"has-post-thumbnail","6":"product_cat-french-books","7":"product_cat-business","9":"first","10":"instock","11":"sale","12":"shipping-taxable","13":"purchasable","14":"product-type-simple"},"_links":{"self":[{"href":"https:\/\/mabooko.com\/fr\/wp-json\/wp\/v2\/product\/28620","targetHints":{"allow":["GET"]}}],"collection":[{"href":"https:\/\/mabooko.com\/fr\/wp-json\/wp\/v2\/product"}],"about":[{"href":"https:\/\/mabooko.com\/fr\/wp-json\/wp\/v2\/types\/product"}],"replies":[{"embeddable":true,"href":"https:\/\/mabooko.com\/fr\/wp-json\/wp\/v2\/comments?post=28620"}],"version-history":[{"count":1,"href":"https:\/\/mabooko.com\/fr\/wp-json\/wp\/v2\/product\/28620\/revisions"}],"predecessor-version":[{"id":28622,"href":"https:\/\/mabooko.com\/fr\/wp-json\/wp\/v2\/product\/28620\/revisions\/28622"}],"wp:featuredmedia":[{"embeddable":true,"href":"https:\/\/mabooko.com\/fr\/wp-json\/wp\/v2\/media\/28621"}],"wp:attachment":[{"href":"https:\/\/mabooko.com\/fr\/wp-json\/wp\/v2\/media?parent=28620"}],"wp:term":[{"taxonomy":"product_brand","embeddable":true,"href":"https:\/\/mabooko.com\/fr\/wp-json\/wp\/v2\/product_brand?post=28620"},{"taxonomy":"product_cat","embeddable":true,"href":"https:\/\/mabooko.com\/fr\/wp-json\/wp\/v2\/product_cat?post=28620"},{"taxonomy":"product_tag","embeddable":true,"href":"https:\/\/mabooko.com\/fr\/wp-json\/wp\/v2\/product_tag?post=28620"},{"taxonomy":"product_publisher","embeddable":true,"href":"https:\/\/mabooko.com\/fr\/wp-json\/wp\/v2\/product_publisher?post=28620"}],"curies":[{"name":"wp","href":"https:\/\/api.w.org\/{rel}","templated":true}]}}