{"id":28035,"date":"2026-03-15T00:23:56","date_gmt":"2026-03-15T00:23:56","guid":{"rendered":"https:\/\/mabooko.com\/?post_type=product&#038;p=28035"},"modified":"2026-03-15T00:23:57","modified_gmt":"2026-03-15T00:23:57","slug":"mrs-dalloway-virginia-woolf-maroc-french","status":"publish","type":"product","link":"https:\/\/mabooko.com\/fr\/produit\/mrs-dalloway-virginia-woolf-maroc-french\/","title":{"rendered":"Mrs. Dalloway (Edition Fran\u00e7aise)"},"content":{"rendered":"<div class=\"toc\" style=\"background: #f9f9f9;padding: 15px;border-radius: 5px;margin-bottom: 20px\">\n<h2>Table des mati\u00e8res<\/h2>\n<ul style=\"list-style-type: none;padding-left: 0\">\n<li><a href=\"#introduction\">Une \u0153uvre magistrale disponible au Maroc<\/a><\/li>\n<li><a href=\"#synopsis\">L&#8217;histoire de Mrs. Dalloway<\/a><\/li>\n<li><a href=\"#themes\">Th\u00e8mes et style litt\u00e9raire<\/a><\/li>\n<li><a href=\"#pourquoi-choisir-mabooko\">Pourquoi commander chez Mabooko ?<\/a><\/li>\n<\/ul>\n<\/div>\n<h2 id=\"introduction\">Une \u0153uvre magistrale disponible au Maroc<\/h2>\n<p>Se procurer <strong>Mrs. Dalloway Maroc<\/strong> dans son \u00e9dition fran\u00e7aise originale est d\u00e9sormais un privil\u00e8ge accessible \u00e0 tous les passionn\u00e9s de litt\u00e9rature classique. R\u00e9dig\u00e9 par la brillante romanci\u00e8re anglaise Virginia Woolf, ce texte moderniste repr\u00e9sente une v\u00e9ritable r\u00e9volution litt\u00e9raire et intellectuelle. Chez <strong>Mabooko<\/strong>, nous sommes fiers de vous proposer des livres originaux soigneusement s\u00e9lectionn\u00e9s pour enrichir votre biblioth\u00e8que personnelle, le tout accompagn\u00e9 d&#8217;un service irr\u00e9prochable sp\u00e9cialement pens\u00e9 pour nos lecteurs du <strong>Maroc<\/strong>.<\/p>\n<h2 id=\"synopsis\">L&#8217;histoire de Mrs. Dalloway<\/h2>\n<p>Le r\u00e9cit se d\u00e9roule sur une seule et m\u00eame journ\u00e9e de juin 1923. Clarissa Dalloway, une femme \u00e9l\u00e9gante de la haute soci\u00e9t\u00e9 londonienne, s&#8217;affaire \u00e0 pr\u00e9parer une grande r\u00e9ception qu&#8217;elle donne le soir m\u00eame. Parall\u00e8lement, nous suivons les errances de Septimus Warren Smith, un jeune v\u00e9t\u00e9ran de la Premi\u00e8re Guerre mondiale souffrant de traumatismes psychologiques profonds. Au fil des pages, Virginia Woolf tisse un fil invisible et d\u00e9licat entre ces deux existences qui ne se croiseront jamais directement. C&#8217;est un r\u00e9cit o\u00f9 le pass\u00e9, le pr\u00e9sent et les monologues int\u00e9rieurs s&#8217;entrem\u00ealent avec une gr\u00e2ce absolue, au rythme des tintements de Big Ben.<\/p>\n<h3 id=\"themes\">Th\u00e8mes et style litt\u00e9raire<\/h3>\n<p>La puissance de ce roman r\u00e9side incontestablement dans son utilisation virtuose du flux de conscience, une technique narrative novatrice pour l&#8217;\u00e9poque. L&#8217;autrice explore avec subtilit\u00e9 des th\u00e8mes universels tels que la condition f\u00e9minine, la sant\u00e9 mentale, le deuil, le poids in\u00e9luctable du temps qui s&#8217;\u00e9coule et la qu\u00eate d&#8217;identit\u00e9 face aux contraintes rigides de la soci\u00e9t\u00e9 mondaine. La prose po\u00e9tique et chantante de Virginia Woolf m\u00e9tamorphose les moindres d\u00e9tails d&#8217;une simple journ\u00e9e en une profonde exploration de l&#8217;\u00e2me humaine.<\/p>\n<h2 id=\"pourquoi-choisir-mabooko\">Pourquoi commander chez Mabooko ?<\/h2>\n<p>Acqu\u00e9rir le roman <strong>Mrs. Dalloway Maroc<\/strong> n&#8217;a jamais \u00e9t\u00e9 aussi simple, rapide et s\u00e9curis\u00e9. En choisissant d&#8217;acheter votre exemplaire sur notre librairie <strong>Mabooko<\/strong>, vous rejoignez une communaut\u00e9 de lecteurs exigeants et b\u00e9n\u00e9ficiez d&#8217;avantages exclusifs :<\/p>\n<ul>\n<li><strong>Des livres originaux :<\/strong> Nous garantissons l&#8217;authenticit\u00e9 et la perfection mat\u00e9rielle de chaque \u00e9dition que nous exp\u00e9dions. Fuyez les contrefa\u00e7ons et savourez la vraie litt\u00e9rature.<\/li>\n<li><strong>Livraison Gratuite :<\/strong> Quel que soit le montant de vos achats, profitez de la <strong>livraison gratuite<\/strong> de votre commande, que vous soyez \u00e0 Casablanca, Rabat, Tanger ou n&#8217;importe o\u00f9 ailleurs sur le territoire national.<\/li>\n<li><strong>Paiement \u00e0 la livraison :<\/strong> Pour une tranquillit\u00e9 d&#8217;esprit totale et un achat sans risque, nous proposons le <strong>paiement \u00e0 la livraison<\/strong> (Cash on Delivery). Vous ne r\u00e9glez votre commande que lorsque le livre vous est remis en main propre !<\/li>\n<\/ul>\n<p>Ne manquez pas l&#8217;opportunit\u00e9 d&#8217;ajouter cette pi\u00e8ce ma\u00eetresse incontournable \u00e0 votre collection personnelle. Commandez votre exemplaire d\u00e8s aujourd&#8217;hui et laissez-vous emporter par la m\u00e9lodie intemporelle de Virginia Woolf.<\/p>","protected":false},"excerpt":{"rendered":"<p>Plongez dans l&#8217;univers fascinant de Virginia Woolf avec l&#8217;\u00e9dition fran\u00e7aise de Mrs. Dalloway. Une exploration po\u00e9tique, psychologique et moderniste d&#8217;une journ\u00e9e londonienne. Disponible en version originale avec paiement \u00e0 la livraison partout au Maroc.<\/p>","protected":false},"featured_media":28036,"comment_status":"open","ping_status":"closed","template":"","meta":[],"product_brand":[],"product_cat":[249,131,127,175],"product_tag":[],"product_publisher":[],"class_list":{"0":"post-28035","1":"product","2":"type-product","3":"status-publish","4":"has-post-thumbnail","6":"product_cat-french-books","7":"product_cat-classics","8":"product_cat-fiction","9":"product_cat-psychology","11":"first","12":"instock","13":"sale","14":"shipping-taxable","15":"purchasable","16":"product-type-simple"},"_links":{"self":[{"href":"https:\/\/mabooko.com\/fr\/wp-json\/wp\/v2\/product\/28035","targetHints":{"allow":["GET"]}}],"collection":[{"href":"https:\/\/mabooko.com\/fr\/wp-json\/wp\/v2\/product"}],"about":[{"href":"https:\/\/mabooko.com\/fr\/wp-json\/wp\/v2\/types\/product"}],"replies":[{"embeddable":true,"href":"https:\/\/mabooko.com\/fr\/wp-json\/wp\/v2\/comments?post=28035"}],"version-history":[{"count":1,"href":"https:\/\/mabooko.com\/fr\/wp-json\/wp\/v2\/product\/28035\/revisions"}],"predecessor-version":[{"id":28037,"href":"https:\/\/mabooko.com\/fr\/wp-json\/wp\/v2\/product\/28035\/revisions\/28037"}],"wp:featuredmedia":[{"embeddable":true,"href":"https:\/\/mabooko.com\/fr\/wp-json\/wp\/v2\/media\/28036"}],"wp:attachment":[{"href":"https:\/\/mabooko.com\/fr\/wp-json\/wp\/v2\/media?parent=28035"}],"wp:term":[{"taxonomy":"product_brand","embeddable":true,"href":"https:\/\/mabooko.com\/fr\/wp-json\/wp\/v2\/product_brand?post=28035"},{"taxonomy":"product_cat","embeddable":true,"href":"https:\/\/mabooko.com\/fr\/wp-json\/wp\/v2\/product_cat?post=28035"},{"taxonomy":"product_tag","embeddable":true,"href":"https:\/\/mabooko.com\/fr\/wp-json\/wp\/v2\/product_tag?post=28035"},{"taxonomy":"product_publisher","embeddable":true,"href":"https:\/\/mabooko.com\/fr\/wp-json\/wp\/v2\/product_publisher?post=28035"}],"curies":[{"name":"wp","href":"https:\/\/api.w.org\/{rel}","templated":true}]}}