{"id":28028,"date":"2026-03-15T00:10:16","date_gmt":"2026-03-15T00:10:16","guid":{"rendered":"https:\/\/mabooko.com\/?post_type=product&#038;p=28028"},"modified":"2026-03-15T00:10:16","modified_gmt":"2026-03-15T00:10:16","slug":"tess-durberville-thomas-hardy-maroc","status":"publish","type":"product","link":"https:\/\/mabooko.com\/fr\/produit\/tess-durberville-thomas-hardy-maroc\/","title":{"rendered":"Tess d&#8217;Urberville"},"content":{"rendered":"<p>D\u00e9couvrez le grand classique de la litt\u00e9rature anglaise, <strong>Tess d&#8217;Urberville Maroc<\/strong>, d\u00e9sormais disponible chez Mabooko pour enrichir votre biblioth\u00e8que d&#8217;une \u0153uvre incontournable.<\/p>\n<div class=\"toc\" style=\"background: #f9f9f9;padding: 15px;border-radius: 5px\">\n<p><strong>Table des mati\u00e8res :<\/strong><\/p>\n<ul>\n<li><a href=\"#synopsis\">Un chef-d&#8217;\u0153uvre intemporel de l&#8217;\u00e9poque victorienne<\/a><\/li>\n<li><a href=\"#themes\">Th\u00e8mes universels et profondeur psychologique<\/a><\/li>\n<li><a href=\"#auteur\">Thomas Hardy : Le ma\u00eetre du naturalisme<\/a><\/li>\n<li><a href=\"#pourquoi\">Pourquoi commander ce roman chez Mabooko ?<\/a><\/li>\n<\/ul>\n<\/div>\n<div class=\"BookPageTitleSection\">\n<div class=\"BookPageTitleSection__title\">\n<h2 class=\"Text Text__title1\" data-testid=\"bookTitle\" aria-label=\"Book title: Tess d'Urberville\">Tess d&#8217;Urberville: <span style=\"font-size: 36px\">Un chef-d&#8217;\u0153uvre intemporel de l&#8217;\u00e9poque victorienne<\/span><\/h2>\n<\/div>\n<\/div>\n<p>Paru initialement en 1891, l&#8217;illustre roman tragique de Thomas Hardy raconte l&#8217;histoire poignante de la jeune et innocente paysanne du Wessex, Tess Durbeyfield. Persuad\u00e9e par ses parents d&#8217;aller r\u00e9clamer une hypoth\u00e9tique parent\u00e9 aupr\u00e8s de la riche famille des d&#8217;Urberville, elle tombe rapidement dans les filets du s\u00e9duisant mais cynique Alec. Ce point de bascule pr\u00e9cipite son destin dans une spirale jalonn\u00e9e de trag\u00e9dies, exacerb\u00e9e par le jugement moralisateur et implacable de l&#8217;Angleterre puritaine de la fin du XIXe si\u00e8cle. Malgr\u00e9 l&#8217;opprobre et la d\u00e9ch\u00e9ance sociale, Tess m\u00e8ne une qu\u00eate inlassable de puret\u00e9 et d&#8217;amour, notamment \u00e0 travers sa rencontre avec l&#8217;id\u00e9aliste Angel Clare. C&#8217;est avec une plume naturaliste d&#8217;une beaut\u00e9 foudroyante que Thomas Hardy sculpte ce drame rural, criant d&#8217;injustice et d&#8217;une modernit\u00e9 toujours d&#8217;actualit\u00e9.<\/p>\n<div class=\"BookPageTitleSection\">\n<div class=\"BookPageTitleSection__title\">\n<h3 class=\"Text Text__title1\" data-testid=\"bookTitle\" aria-label=\"Book title: Tess d'Urberville\">Tess d&#8217;Urberville: Th\u00e8mes universels et profondeur psychologique<\/h3>\n<\/div>\n<\/div>\n<p>En plongeant au c\u0153ur de ce monument litt\u00e9raire, le lecteur explore sans filtre la complexit\u00e9 de l&#8217;hypocrisie sociale, la lourdeur des conventions bourgeoises, et la fatalit\u00e9 qui p\u00e8se cruellement sur les classes laborieuses. Ce r\u00e9cit bouleversant remet profond\u00e9ment en question les m\u0153urs victoriennes, pr\u00e9sentant la femme non pas comme une coupable, mais comme l&#8217;innocente victime d&#8217;un ordre patriarcal \u00e9touffant et d&#8217;une nature indiff\u00e9rente. Les descriptions magnifiques et po\u00e9tiques de la campagne anglaise servent de toile de fond magistrale \u00e0 cette lente descente aux enfers. Sous la plume de Hardy, l&#8217;h\u00e9ro\u00efne est transfigur\u00e9e en une figure mythique, une v\u00e9ritable d\u00e9esse de la Terre qui se retrouve tristement sacrifi\u00e9e sur l&#8217;autel de la bien-pensance.<\/p>\n<h3 id=\"auteur\">Thomas Hardy : Le ma\u00eetre du naturalisme<\/h3>\n<p>Figure de proue de la litt\u00e9rature britannique, Thomas Hardy se distingue par son sens aigu du pessimisme philosophique et son attachement visc\u00e9ral \u00e0 la r\u00e9gion fictive du Wessex. Dans ce roman, il d\u00e9ploie un talent sans pareil pour retranscrire la brutalit\u00e9 de la r\u00e9volution industrielle naissante, illustr\u00e9e par la m\u00e9canisation infernale qui broie les travailleurs agricoles. Son \u00e9criture riche, lyrique et visuelle fait de chaque page un v\u00e9ritable tableau.<\/p>\n<h2 id=\"pourquoi\">Pourquoi commander ce roman chez Mabooko ?<\/h2>\n<p>Vous cherchez \u00e0 vous procurer l&#8217;\u00e9dition authentique de <strong>Tess d&#8217;Urberville Maroc<\/strong> ? Vous \u00eates ind\u00e9niablement au bon endroit. Notre librairie en ligne de r\u00e9f\u00e9rence, Mabooko, s&#8217;engage avec passion \u00e0 vous offrir le meilleur de la litt\u00e9rature francophone et internationale partout au Maroc. Nous garantissons rigoureusement l&#8217;authenticit\u00e9 de chaque ouvrage, en vous proposant exclusivement des livres originaux qui raviront les lecteurs les plus exigeants.<\/p>\n<p>De plus, nous avons pens\u00e9 \u00e0 chaque d\u00e9tail pour maximiser votre confort : profitez d&#8217;un service irr\u00e9prochable incluant la <strong>livraison gratuite<\/strong> \u00e0 travers toutes les villes du royaume. Pour faciliter vos achats en toute s\u00e9r\u00e9nit\u00e9, nous vous proposons \u00e9galement l&#8217;option du <strong>paiement \u00e0 la livraison<\/strong> (Cash on Delivery). Laissez-vous envahir par la gr\u00e2ce \u00e9l\u00e9gante et tragique de la plume de Thomas Hardy, et commandez d\u00e8s aujourd&#8217;hui ce chef-d&#8217;\u0153uvre absolu sur Mabooko !<\/p>","protected":false},"excerpt":{"rendered":"<p>Plongez dans l&#8217;Angleterre victorienne avec Tess d&#8217;Urberville, le drame rural inoubliable de Thomas Hardy. D\u00e9couvrez le destin poignant d&#8217;une h\u00e9ro\u00efne pure luttant contre les pr\u00e9jug\u00e9s. Commandez sur Mabooko et profitez d&#8217;une livraison gratuite et d&#8217;un paiement \u00e0 la livraison au Maroc !<\/p>","protected":false},"featured_media":28030,"comment_status":"open","ping_status":"closed","template":"","meta":[],"product_brand":[],"product_cat":[249,131,127,178],"product_tag":[],"product_publisher":[],"class_list":{"0":"post-28028","1":"product","2":"type-product","3":"status-publish","4":"has-post-thumbnail","6":"product_cat-french-books","7":"product_cat-classics","8":"product_cat-fiction","9":"product_cat-philosophy","11":"first","12":"instock","13":"sale","14":"shipping-taxable","15":"purchasable","16":"product-type-simple"},"_links":{"self":[{"href":"https:\/\/mabooko.com\/fr\/wp-json\/wp\/v2\/product\/28028","targetHints":{"allow":["GET"]}}],"collection":[{"href":"https:\/\/mabooko.com\/fr\/wp-json\/wp\/v2\/product"}],"about":[{"href":"https:\/\/mabooko.com\/fr\/wp-json\/wp\/v2\/types\/product"}],"replies":[{"embeddable":true,"href":"https:\/\/mabooko.com\/fr\/wp-json\/wp\/v2\/comments?post=28028"}],"version-history":[{"count":1,"href":"https:\/\/mabooko.com\/fr\/wp-json\/wp\/v2\/product\/28028\/revisions"}],"predecessor-version":[{"id":28031,"href":"https:\/\/mabooko.com\/fr\/wp-json\/wp\/v2\/product\/28028\/revisions\/28031"}],"wp:featuredmedia":[{"embeddable":true,"href":"https:\/\/mabooko.com\/fr\/wp-json\/wp\/v2\/media\/28030"}],"wp:attachment":[{"href":"https:\/\/mabooko.com\/fr\/wp-json\/wp\/v2\/media?parent=28028"}],"wp:term":[{"taxonomy":"product_brand","embeddable":true,"href":"https:\/\/mabooko.com\/fr\/wp-json\/wp\/v2\/product_brand?post=28028"},{"taxonomy":"product_cat","embeddable":true,"href":"https:\/\/mabooko.com\/fr\/wp-json\/wp\/v2\/product_cat?post=28028"},{"taxonomy":"product_tag","embeddable":true,"href":"https:\/\/mabooko.com\/fr\/wp-json\/wp\/v2\/product_tag?post=28028"},{"taxonomy":"product_publisher","embeddable":true,"href":"https:\/\/mabooko.com\/fr\/wp-json\/wp\/v2\/product_publisher?post=28028"}],"curies":[{"name":"wp","href":"https:\/\/api.w.org\/{rel}","templated":true}]}}