{"id":27491,"date":"2026-03-11T16:50:24","date_gmt":"2026-03-11T16:50:24","guid":{"rendered":"https:\/\/mabooko.com\/?post_type=product&#038;p=27491"},"modified":"2026-03-11T17:12:56","modified_gmt":"2026-03-11T17:12:56","slug":"l-idiot-fiodor-dostoievski-maroc","status":"publish","type":"product","link":"https:\/\/mabooko.com\/fr\/produit\/l-idiot-fiodor-dostoievski-maroc\/","title":{"rendered":"L&#8217;Idiot"},"content":{"rendered":"<div class=\"product-description\">\n<p>D\u00e9couvrez d\u00e8s aujourd&#8217;hui <strong>L&#8217;Idiot de Fiodor Dosto\u00efevski au Maroc<\/strong>, une \u0153uvre litt\u00e9raire monumentale et bouleversante qui continue de fasciner les lecteurs du monde entier, d\u00e9sormais accessible dans votre librairie en ligne de confiance.<\/p>\n<div class=\"table-of-contents\" style=\"background-color: #f9f9f9;padding: 15px;border-radius: 5px;margin-bottom: 20px\">\n<p><strong>Table des mati\u00e8res<\/strong><\/p>\n<ul>\n<li><a href=\"#synopsis\">Un chef-d&#8217;\u0153uvre incontournable de la litt\u00e9rature russe<\/a><\/li>\n<li><a href=\"#themes\">Les th\u00e8mes philosophiques et psychologiques du roman<\/a><\/li>\n<li><a href=\"#pourquoi-choisir-mabooko\">Pourquoi commander sur Mabooko ?<\/a><\/li>\n<\/ul>\n<\/div>\n<h2 id=\"synopsis\">Un chef-d&#8217;\u0153uvre incontournable de la litt\u00e9rature russe<\/h2>\n<p>\u00c9crit entre 1868 et 1869 alors que l&#8217;auteur s\u00e9journait en Europe, ce grand roman classique raconte l&#8217;histoire captivante du Prince L\u00e9on Nikola\u00ef\u00e9vitch Mychkine. De retour dans sa patrie apr\u00e8s avoir \u00e9t\u00e9 soign\u00e9 pour des crises d&#8217;\u00e9pilepsie en Suisse, ce jeune aristocrate d\u00e9muni d\u00e9tonne par son innocence, sa franchise d\u00e9sarmante et sa bont\u00e9 inalt\u00e9rable. Rapidement, la soci\u00e9t\u00e9 aristocratique de Saint-P\u00e9tersbourg, profond\u00e9ment corrompue par l&#8217;amour de l&#8217;argent, la passion charnelle et les complots mondains, le surnomme avec condescendance &#8220;l&#8217;idiot&#8221;. Se plonger dans <strong>L&#8217;Idiot de Fiodor Dosto\u00efevski au Maroc<\/strong>, c&#8217;est accepter d&#8217;explorer le tragique contraste entre la puret\u00e9 d&#8217;un seul homme et le cynisme destructeur de toute une \u00e9poque.<\/p>\n<h3 id=\"themes\">Les th\u00e8mes philosophiques et psychologiques du roman<\/h3>\n<p>\u00c0 travers ce r\u00e9cit foisonnant et poignant, l&#8217;auteur explore la question vertigineuse et quasi insoluble de l&#8217;homme fonci\u00e8rement bon face \u00e0 un monde d\u00e9chu et \u00e9go\u00efste. Le parcours tragique du Prince Mychkine croise celui de personnages secondaires inoubliables et profond\u00e9ment tourment\u00e9s, tels que la fascinante et rebelle Nastassia Filippovna, ou encore le sombre et passionn\u00e9 Parfione Rogojine. La psychologie humaine, les dilemmes spirituels, la ferveur destructrice et la qu\u00eate \u00e9perdue de r\u00e9demption s&#8217;entrem\u00ealent tout au long des pages pour offrir une lecture d&#8217;une intensit\u00e9 rare. C&#8217;est un livre exigeant, certes, mais qui r\u00e9compense infiniment le lecteur par une \u00e9l\u00e9vation de l&#8217;esprit et une remise en question de la condition humaine.<\/p>\n<h2 id=\"pourquoi-choisir-mabooko\">Pourquoi commander sur Mabooko ?<\/h2>\n<p>Se procurer des livres originaux dans leur version authentique n&#8217;a jamais \u00e9t\u00e9 aussi simple et rapide. Chez <strong>Mabooko<\/strong>, nous nous engageons au quotidien \u00e0 diffuser la grande litt\u00e9rature mondiale, classique et contemporaine, partout au <strong>Maroc<\/strong>. En commandant votre exemplaire broch\u00e9 ou reli\u00e9 de ce chef-d&#8217;\u0153uvre russe chez nous, vous b\u00e9n\u00e9ficiez d&#8217;avantages exceptionnels sp\u00e9cialement pens\u00e9s pour votre plus grand confort.<\/p>\n<p>Oubliez les contraintes logistiques et les frais suppl\u00e9mentaires : nous vous offrons la <strong>Livraison Gratuite<\/strong> directement \u00e0 votre domicile ou sur votre lieu de travail. De plus, pour vous garantir une s\u00e9curit\u00e9 financi\u00e8re et une tranquillit\u00e9 d&#8217;esprit absolue, nous vous proposons le <strong>Paiement \u00e0 la livraison<\/strong> (Cash on Delivery). Vous ne r\u00e9glez le montant de votre commande qu&#8217;au moment m\u00eame o\u00f9 vous tenez ce pr\u00e9cieux tr\u00e9sor litt\u00e9raire entre vos propres mains.<\/p>\n<p>N&#8217;attendez plus pour enrichir votre biblioth\u00e8que personnelle avec la plus belle \u00e9dition de <strong>L&#8217;Idiot de Fiodor Dosto\u00efevski au Maroc<\/strong>, et laissez-vous emporter par le g\u00e9nie intemporel et la prose majestueuse de cet auteur mythique.<\/p>\n<\/div>","protected":false},"excerpt":{"rendered":"<p>Plongez dans les profondeurs de l&#8217;\u00e2me humaine avec *L&#8217;Idiot* de Fiodor Dosto\u00efevski, le chef-d&#8217;\u0153uvre absolu de la litt\u00e9rature russe. Suivez l&#8217;histoire bouleversante du Prince Mychkine, un homme d&#8217;une bont\u00e9 inalt\u00e9rable confront\u00e9 au cynisme de la soci\u00e9t\u00e9 mondaine. Commandez d\u00e8s maintenant sur Mabooko et profitez d&#8217;ouvrages 100% originaux, avec la livraison gratuite et le paiement \u00e0 la livraison partout au Maroc.<\/p>","protected":false},"featured_media":27501,"comment_status":"open","ping_status":"closed","template":"","meta":[],"product_brand":[],"product_cat":[249,131,127,178],"product_tag":[],"product_publisher":[],"class_list":{"0":"post-27491","1":"product","2":"type-product","3":"status-publish","4":"has-post-thumbnail","6":"product_cat-french-books","7":"product_cat-classics","8":"product_cat-fiction","9":"product_cat-philosophy","11":"first","12":"instock","13":"sale","14":"shipping-taxable","15":"purchasable","16":"product-type-simple"},"_links":{"self":[{"href":"https:\/\/mabooko.com\/fr\/wp-json\/wp\/v2\/product\/27491","targetHints":{"allow":["GET"]}}],"collection":[{"href":"https:\/\/mabooko.com\/fr\/wp-json\/wp\/v2\/product"}],"about":[{"href":"https:\/\/mabooko.com\/fr\/wp-json\/wp\/v2\/types\/product"}],"replies":[{"embeddable":true,"href":"https:\/\/mabooko.com\/fr\/wp-json\/wp\/v2\/comments?post=27491"}],"version-history":[{"count":1,"href":"https:\/\/mabooko.com\/fr\/wp-json\/wp\/v2\/product\/27491\/revisions"}],"predecessor-version":[{"id":27492,"href":"https:\/\/mabooko.com\/fr\/wp-json\/wp\/v2\/product\/27491\/revisions\/27492"}],"wp:featuredmedia":[{"embeddable":true,"href":"https:\/\/mabooko.com\/fr\/wp-json\/wp\/v2\/media\/27501"}],"wp:attachment":[{"href":"https:\/\/mabooko.com\/fr\/wp-json\/wp\/v2\/media?parent=27491"}],"wp:term":[{"taxonomy":"product_brand","embeddable":true,"href":"https:\/\/mabooko.com\/fr\/wp-json\/wp\/v2\/product_brand?post=27491"},{"taxonomy":"product_cat","embeddable":true,"href":"https:\/\/mabooko.com\/fr\/wp-json\/wp\/v2\/product_cat?post=27491"},{"taxonomy":"product_tag","embeddable":true,"href":"https:\/\/mabooko.com\/fr\/wp-json\/wp\/v2\/product_tag?post=27491"},{"taxonomy":"product_publisher","embeddable":true,"href":"https:\/\/mabooko.com\/fr\/wp-json\/wp\/v2\/product_publisher?post=27491"}],"curies":[{"name":"wp","href":"https:\/\/api.w.org\/{rel}","templated":true}]}}