{"id":26279,"date":"2026-03-04T22:39:02","date_gmt":"2026-03-04T22:39:02","guid":{"rendered":"https:\/\/mabooko.com\/?post_type=product&#038;p=26279"},"modified":"2026-03-04T22:39:02","modified_gmt":"2026-03-04T22:39:02","slug":"la-femme-de-menage-freida-mcfadden-maroc","status":"publish","type":"product","link":"https:\/\/mabooko.com\/fr\/produit\/la-femme-de-menage-freida-mcfadden-maroc\/","title":{"rendered":"La Femme de m\u00e9nage (The Housemaid Book 1)"},"content":{"rendered":"<p>Si vous \u00eates \u00e0 la recherche du thriller psychologique le plus captivant de l&#8217;ann\u00e9e, commander <strong>La Femme de m\u00e9nage Maroc<\/strong> sur Mabooko est la meilleure d\u00e9cision que vous puissiez prendre pour enrichir votre prochaine liste de lecture. \u00c9crit par l&#8217;auteure \u00e0 succ\u00e8s plan\u00e9taire Freida McFadden, ce roman follement addictif a pris le monde litt\u00e9raire d&#8217;assaut, dominant les classements des meilleures ventes et s&#8217;imposant comme un incontournable absolu du suspense psychologique contemporain. Il offre aux amateurs de frissons tout ce qu&#8217;ils d\u00e9sirent ardemment : des personnages merveilleusement complexes, une narration haletante au rythme implacable, et des retournements de situation d&#8217;une ing\u00e9niosit\u00e9 folle qui vous laisseront totalement sans voix. Chez Mabooko, nous sommes extr\u00eamement fiers de proposer ce v\u00e9ritable ph\u00e9nom\u00e8ne d&#8217;\u00e9dition aux lecteurs passionn\u00e9s \u00e0 travers tout le pays.<\/p>\n<div class=\"toc\" style=\"background-color: #f8f9fa;padding: 15px;border-radius: 5px;margin-bottom: 25px\">\n<p style=\"margin-top: 0\"><strong>Table des mati\u00e8res<\/strong><\/p>\n<ul style=\"margin-bottom: 0\">\n<li><a href=\"#histoire\">L&#8217;histoire gla\u00e7ante et machiav\u00e9lique de la famille Winchester<\/a><\/li>\n<li><a href=\"#pourquoi-mabooko\">Pourquoi choisir Mabooko pour vos livres au Maroc ?<\/a><\/li>\n<\/ul>\n<\/div>\n<h2 id=\"histoire\">L&#8217;histoire gla\u00e7ante et machiav\u00e9lique de la famille Winchester<\/h2>\n<p>Le r\u00e9cit immersif suit Millie, une jeune femme luttant avec un lourd pass\u00e9 et d\u00e9sesp\u00e9r\u00e9ment en qu\u00eate d&#8217;un nouveau d\u00e9part pour se reconstruire une vie digne. Lorsqu&#8217;elle est engag\u00e9e comme employ\u00e9e de maison par la riche, puissante et s\u00e9duisante famille Winchester, elle croit sinc\u00e8rement que sa chance a enfin tourn\u00e9 et que ses vieux d\u00e9mons sont derri\u00e8re elle. Chaque jour, Millie nettoie leur somptueuse demeure new-yorkaise de fond en comble avec un soin m\u00e9ticuleux, r\u00e9cup\u00e8re leur enfant \u00e0 l&#8217;\u00e9cole, et pr\u00e9pare des repas succulents, tout en essayant de se faire la plus discr\u00e8te possible dans ce monde de privil\u00e8ges qui n&#8217;est visiblement pas le sien. Cependant, elle va d\u00e9couvrir \u00e0 ses d\u00e9pens que derri\u00e8re cette perfection de fa\u00e7ade, cette famille d&#8217;apparence id\u00e9ale cache des secrets extr\u00eamement sombres, toxiques et potentiellement mortels.<\/p>\n<p>Nina Winchester, la ma\u00eetresse de maison, est profond\u00e9ment impr\u00e9visible et semble prendre un malin plaisir sadique \u00e0 humilier son employ\u00e9e par des exigences absurdes et contradictoires. Son mari, Andrew, semble \u00e0 l&#8217;inverse incarner l&#8217;\u00e9poux parfait et attentionn\u00e9, souffrant en silence du comportement dramatique et erratique de sa femme. Mais lorsque Millie commet l&#8217;erreur fatale d&#8217;essayer l&#8217;une des magnifiques robes blanches immacul\u00e9es de Nina pour go\u00fbter, ne serait-ce qu&#8217;un instant \u00e9ph\u00e9m\u00e8re, \u00e0 cette vie luxueuse dont elle a toujours \u00e9t\u00e9 priv\u00e9e, la situation bascule irr\u00e9m\u00e9diablement dans le cauchemar. Elle comprend avec un effroi gla\u00e7ant que la lourde porte de sa petite chambre mansard\u00e9e, situ\u00e9e sous les toits, ne se verrouille que de l&#8217;ext\u00e9rieur. Lorsqu&#8217;elle r\u00e9alise la v\u00e9ritable ampleur du danger psychologique et physique qui la guette, le pi\u00e8ge diabolique s&#8217;est d\u00e9j\u00e0 referm\u00e9 sur elle.<\/p>\n<p>La plume incisive, redoutable et profond\u00e9ment immersive de Freida McFadden fait de ce roman un v\u00e9ritable chef-d&#8217;\u0153uvre de la tension domestique. Les lecteurs en qu\u00eate de <strong>La Femme de m\u00e9nage Maroc<\/strong> seront tenus en haleine de la premi\u00e8re \u00e0 l&#8217;ultime page, incapables de reposer le livre avant d&#8217;en conna\u00eetre le d\u00e9nouement. Le rythme de l&#8217;intrigue est effr\u00e9n\u00e9 et l&#8217;auteure joue brillamment avec vos certitudes, diss\u00e9quant les dynamiques de pouvoir, la jalousie et la manipulation avant de d\u00e9voiler un twist final magistral, brillant et totalement inoubliable.<\/p>\n<h3 id=\"pourquoi-mabooko\">Pourquoi choisir Mabooko pour vos livres au Maroc ?<\/h3>\n<p>Chez Mabooko, notre mission premi\u00e8re est d&#8217;offrir une exp\u00e9rience de lecture et d&#8217;achat en ligne absolument incomparable aux lecteurs marocains. En commandant sur notre librairie en ligne, vous avez la garantie absolue de recevoir des livres cent pour cent originaux, dot\u00e9s d&#8217;une qualit\u00e9 d&#8217;impression irr\u00e9prochable et de couvertures sublimes. Nous savons \u00e0 quel point il est fondamental pour un v\u00e9ritable amoureux des mots de poss\u00e9der de v\u00e9ritables \u00e9ditions physiques, non seulement pour le plaisir pur de la lecture, mais aussi pour garnir fi\u00e8rement les \u00e9tag\u00e8res de sa biblioth\u00e8que personnelle.<\/p>\n<p>De plus, nous mettons un point d&#8217;honneur \u00e0 rendre votre exp\u00e9rience e-commerce simple, fluide et enti\u00e8rement s\u00e9curis\u00e9e du d\u00e9but \u00e0 la fin. Nous offrons fi\u00e8rement la Livraison Gratuite ainsi que le Paiement \u00e0 la livraison dans absolument toutes les villes et r\u00e9gions du Maroc. Que vous r\u00e9sidiez dans l&#8217;effervescence de Casablanca, le charme historique de Rabat, la chaleur de Marrakech, le dynamisme de Tanger, la culture de F\u00e8s ou pr\u00e8s des plages d&#8217;Agadir, vous recevrez vos thrillers pr\u00e9f\u00e9r\u00e9s directement \u00e0 votre porte, emball\u00e9s avec le plus grand soin. Avec l&#8217;option si pratique du Paiement \u00e0 la livraison, vous ne r\u00e9glez votre commande que lorsque le livre est physiquement entre vos mains, vous offrant ainsi une tranquillit\u00e9 d&#8217;esprit totale lors de chaque achat.<\/p>\n<p>Ne laissez surtout pas passer l&#8217;occasion de d\u00e9couvrir ce thriller ph\u00e9nom\u00e8ne qui a obs\u00e9d\u00e9 des millions de lecteurs \u00e0 travers le monde. Commandez votre exemplaire de <strong>La Femme de m\u00e9nage Maroc<\/strong> d\u00e8s aujourd&#8217;hui sur Mabooko, pr\u00e9parez votre coin lecture pr\u00e9f\u00e9r\u00e9, et laissez-vous pi\u00e9ger par le talent redoutable et l&#8217;imagination d\u00e9bordante de Freida McFadden !<\/p>","protected":false},"excerpt":{"rendered":"<p>D\u00e9couvrez &#8220;La Femme de m\u00e9nage&#8221;, l&#8217;incroyable thriller psychologique de Freida McFadden. Plongez dans les dangereux secrets de la famille Winchester avec ce best-seller mondial. Commandez votre exemplaire original sur Mabooko et profitez de la Livraison Gratuite et du Paiement \u00e0 la livraison au Maroc !<\/p>","protected":false},"featured_media":26282,"comment_status":"open","ping_status":"closed","template":"","meta":[],"product_brand":[],"product_cat":[249,163,127],"product_tag":[],"product_publisher":[],"class_list":{"0":"post-26279","1":"product","2":"type-product","3":"status-publish","4":"has-post-thumbnail","6":"product_cat-french-books","7":"product_cat-adult","8":"product_cat-fiction","10":"first","11":"instock","12":"sale","13":"shipping-taxable","14":"purchasable","15":"product-type-simple"},"_links":{"self":[{"href":"https:\/\/mabooko.com\/fr\/wp-json\/wp\/v2\/product\/26279","targetHints":{"allow":["GET"]}}],"collection":[{"href":"https:\/\/mabooko.com\/fr\/wp-json\/wp\/v2\/product"}],"about":[{"href":"https:\/\/mabooko.com\/fr\/wp-json\/wp\/v2\/types\/product"}],"replies":[{"embeddable":true,"href":"https:\/\/mabooko.com\/fr\/wp-json\/wp\/v2\/comments?post=26279"}],"version-history":[{"count":1,"href":"https:\/\/mabooko.com\/fr\/wp-json\/wp\/v2\/product\/26279\/revisions"}],"predecessor-version":[{"id":26283,"href":"https:\/\/mabooko.com\/fr\/wp-json\/wp\/v2\/product\/26279\/revisions\/26283"}],"wp:featuredmedia":[{"embeddable":true,"href":"https:\/\/mabooko.com\/fr\/wp-json\/wp\/v2\/media\/26282"}],"wp:attachment":[{"href":"https:\/\/mabooko.com\/fr\/wp-json\/wp\/v2\/media?parent=26279"}],"wp:term":[{"taxonomy":"product_brand","embeddable":true,"href":"https:\/\/mabooko.com\/fr\/wp-json\/wp\/v2\/product_brand?post=26279"},{"taxonomy":"product_cat","embeddable":true,"href":"https:\/\/mabooko.com\/fr\/wp-json\/wp\/v2\/product_cat?post=26279"},{"taxonomy":"product_tag","embeddable":true,"href":"https:\/\/mabooko.com\/fr\/wp-json\/wp\/v2\/product_tag?post=26279"},{"taxonomy":"product_publisher","embeddable":true,"href":"https:\/\/mabooko.com\/fr\/wp-json\/wp\/v2\/product_publisher?post=26279"}],"curies":[{"name":"wp","href":"https:\/\/api.w.org\/{rel}","templated":true}]}}