{"id":25861,"date":"2026-02-27T21:48:40","date_gmt":"2026-02-27T21:48:40","guid":{"rendered":"https:\/\/mabooko.com\/?post_type=product&#038;p=25861"},"modified":"2026-02-27T21:48:40","modified_gmt":"2026-02-27T21:48:40","slug":"le-terrier-franz-kafka-maroc","status":"publish","type":"product","link":"https:\/\/mabooko.com\/fr\/produit\/le-terrier-franz-kafka-maroc\/","title":{"rendered":"Le Terrier"},"content":{"rendered":"<p>D\u00e9couvrez l&#8217;un des chefs-d&#8217;\u0153uvre posthumes les plus marquants de la litt\u00e9rature classique en commandant <strong>Le Terrier Franz Kafka Maroc<\/strong>, une \u0153uvre incontournable d\u00e9sormais disponible sur notre librairie en ligne, Mabooko. \u00c9crite \u00e0 Berlin quelques mois seulement avant la disparition pr\u00e9matur\u00e9e de l&#8217;auteur, cette nouvelle vertigineuse vous plonge dans les m\u00e9andres psychologiques complexes d&#8217;une cr\u00e9ature myst\u00e9rieuse, mi-animale, mi-humaine. Obs\u00e9d\u00e9e par la perfection architecturale de sa demeure souterraine, elle se terre pour \u00e9chapper \u00e0 d&#8217;invisibles menaces dans un r\u00e9cit envo\u00fbtant o\u00f9 la fronti\u00e8re entre la r\u00e9alit\u00e9 tangible et la parano\u00efa la plus profonde s&#8217;effrite in\u00e9luctablement.<\/p>\n<div class=\"table-of-contents\" style=\"background-color: #f9f9f9;padding: 15px;border-radius: 5px;margin-bottom: 20px\">\n<p style=\"margin-top: 0\"><strong>Table des mati\u00e8res<\/strong><\/p>\n<ul style=\"margin-bottom: 0\">\n<li><a href=\"#synopsis\">Plong\u00e9e dans l&#8217;angoisse et l&#8217;absurde<\/a>\n<ul>\n<li><a href=\"#analyse\">Une \u0153uvre testamentaire fascinante<\/a><\/li>\n<\/ul>\n<\/li>\n<li><a href=\"#style\">Le g\u00e9nie stylistique et l&#8217;atmosph\u00e8re claustrophobique<\/a>\n<ul>\n<li><a href=\"#public\">\u00c0 qui s&#8217;adresse cette \u0153uvre intemporelle ?<\/a><\/li>\n<\/ul>\n<\/li>\n<li><a href=\"#mabooko\">Pourquoi commander chez Mabooko au Maroc ?<\/a><\/li>\n<\/ul>\n<\/div>\n<h2 id=\"synopsis\">Plong\u00e9e dans l&#8217;angoisse et l&#8217;absurde<\/h2>\n<p>Dans ce texte magistral, Franz Kafka nous offre une m\u00e9taphore troublante et profond\u00e9ment universelle de la condition humaine. Le constructeur solitaire de ce r\u00e9cit \u00e9labore minutieusement un labyrinthe souterrain complexe, esp\u00e9rant s&#8217;y isoler d\u00e9finitivement des dangers impr\u00e9visibles et cruels du monde ext\u00e9rieur. Pourtant, \u00e0 mesure que son refuge fr\u00f4le l&#8217;inviolabilit\u00e9 absolue, son angoisse grandit de mani\u00e8re exponentielle, sans cesse aliment\u00e9e par un sifflement persistant et myst\u00e9rieux dont il ne parvient jamais \u00e0 identifier la source exacte. Cette qu\u00eate d\u00e9sesp\u00e9r\u00e9e de s\u00e9curit\u00e9 totale se transforme tr\u00e8s rapidement en un huis clos oppressant, r\u00e9v\u00e9lant la vuln\u00e9rabilit\u00e9 inh\u00e9rente \u00e0 toute existence, peu importe l&#8217;\u00e9paisseur des murs que l&#8217;on \u00e9rige autour de soi pour se rassurer.<\/p>\n<h3 id=\"analyse\">Une \u0153uvre testamentaire fascinante<\/h3>\n<p>R\u00e9dig\u00e9 durant le rude hiver 1923-1924 et publi\u00e9 pour la premi\u00e8re fois en 1931 gr\u00e2ce \u00e0 l&#8217;intervention salvatrice de son ami et ex\u00e9cuteur testamentaire Max Brod, ce r\u00e9cit inachev\u00e9 r\u00e9sonne tragiquement comme le v\u00e9ritable testament litt\u00e9raire de l&#8217;\u00e9crivain. Kafka, luttant alors ardemment contre la tuberculose qui finira par l&#8217;emporter quelques mois plus tard, y transpose ses propres terreurs existentielles, sa peur de l&#8217;intrusion et sa lutte acharn\u00e9e pour pr\u00e9server un espace mental de cr\u00e9ation int\u00e8gre. En d\u00e9cidant d&#8217;acqu\u00e9rir et de lire <strong>Le Terrier Franz Kafka Maroc<\/strong>, vous vous offrez un face-\u00e0-face bouleversant et intimiste avec la conscience tourment\u00e9e de l&#8217;un des plus grands esprits du vingti\u00e8me si\u00e8cle, un auteur visionnaire qui a su anticiper les n\u00e9vroses de la soci\u00e9t\u00e9 moderne.<\/p>\n<h2 id=\"style\">Le g\u00e9nie stylistique et l&#8217;atmosph\u00e8re claustrophobique<\/h2>\n<p>Ce qui rend cette nouvelle si exceptionnellement percutante, c&#8217;est l&#8217;utilisation magistrale et ininterrompue du monologue int\u00e9rieur. D\u00e8s les premi\u00e8res pages, le lecteur se retrouve irr\u00e9m\u00e9diablement enferm\u00e9 dans l&#8217;esprit fi\u00e9vreux du narrateur. Nous suivons pas \u00e0 pas le flux tumultueux de ses pens\u00e9es, les revirements de sa logique, ses doutes paralysants et l&#8217;\u00e9laboration de ses th\u00e9ories parano\u00efaques. Le rythme de la prose s&#8217;acc\u00e9l\u00e8re au gr\u00e9 des crises de panique de l&#8217;animal, cr\u00e9ant une atmosph\u00e8re intens\u00e9ment claustrophobique qui prend v\u00e9ritablement le lecteur \u00e0 la gorge. L&#8217;auteur pragois manipule les mots avec une pr\u00e9cision chirurgicale pour faire ressentir physiquement l&#8217;\u00e9touffement des galeries souterraines. Il n&#8217;y a pas de dialogues apaisants, pas de v\u00e9ritables interactions avec d&#8217;autres cr\u00e9atures : il n&#8217;y a que la solitude \u00e9crasante et vertigineuse d&#8217;un \u00eatre face \u00e0 lui-m\u00eame et face \u00e0 l&#8217;immensit\u00e9 terrifiante du monde ext\u00e9rieur.<\/p>\n<h3 id=\"public\">\u00c0 qui s&#8217;adresse cette \u0153uvre intemporelle ?<\/h3>\n<p>Que vous soyez un \u00e9tudiant en lettres modernes, un fervent passionn\u00e9 de philosophie existentielle ou tout simplement un lecteur curieux \u00e0 la recherche d&#8217;une exp\u00e9rience litt\u00e9raire hors des sentiers battus, ce texte saura vous captiver du d\u00e9but \u00e0 la fin. Il invite \u00e0 une profonde introspection sur nos propres \u00ab terriers \u00bb modernes : ces zones de confort factices, ces barri\u00e8res psychologiques, sociales ou mat\u00e9rielles que nous construisons quotidiennement pour nous prot\u00e9ger des autres, souvent au d\u00e9triment de notre propre libert\u00e9 d&#8217;\u00eatre et d&#8217;agir.<\/p>\n<h2 id=\"mabooko\">Pourquoi commander chez Mabooko au Maroc ?<\/h2>\n<p>En choisissant Mabooko, votre librairie en ligne de r\u00e9f\u00e9rence pour vos lectures partout au <strong>Maroc<\/strong>, vous avez la garantie absolue d&#8217;acqu\u00e9rir des livres originaux, neufs et d&#8217;une qualit\u00e9 d&#8217;impression irr\u00e9prochable. Nous avons \u00e0 c\u0153ur de rendre la grande litt\u00e9rature accessible \u00e0 tous les lecteurs marocains et d&#8217;enrichir continuellement votre exp\u00e9rience d&#8217;achat. C&#8217;est la raison pour laquelle nous vous offrons fi\u00e8rement la <strong>Livraison Gratuite<\/strong> pour que ce chef-d&#8217;\u0153uvre incontest\u00e9 de la litt\u00e9rature europ\u00e9enne rejoigne rapidement votre biblioth\u00e8que personnelle, que vous r\u00e9sidiez \u00e0 Casablanca, Rabat, Marrakech, Tanger, F\u00e8s, Agadir ou dans n&#8217;importe quelle autre ville du Royaume. Nous nous engageons \u00e0 emballer m\u00e9ticuleusement chaque ouvrage pour qu&#8217;il vous parvienne dans un \u00e9tat parfait.<\/p>\n<p>De plus, pour vous assurer une tranquillit\u00e9 d&#8217;esprit totale lors de vos achats en ligne sur notre plateforme, nous proposons le <strong>Paiement \u00e0 la livraison<\/strong> (Cash on Delivery). Vous ne payez votre commande qu&#8217;au moment pr\u00e9cis o\u00f9 vous recevez votre colis entre vos mains. Acqu\u00e9rir le livre <strong>Le Terrier Franz Kafka Maroc<\/strong> n&#8217;a jamais \u00e9t\u00e9 aussi simple, rapide, \u00e9conomique et totalement s\u00e9curis\u00e9. Laissez-vous envo\u00fbter par le g\u00e9nie intemporel de Kafka, enrichissez votre pr\u00e9cieuse culture litt\u00e9raire et commandez votre exemplaire d\u00e8s aujourd&#8217;hui sur notre boutique en ligne !<\/p>","protected":false},"excerpt":{"rendered":"<p>Explorez les profondeurs de l&#8217;angoisse et de la psych\u00e9 avec &#8220;Le Terrier&#8221;, la nouvelle testamentaire et magistrale de Franz Kafka. Une r\u00e9flexion vertigineuse sur l&#8217;isolement, disponible chez Mabooko avec livraison gratuite et paiement \u00e0 la livraison partout au Maroc.<\/p>","protected":false},"featured_media":25862,"comment_status":"open","ping_status":"closed","template":"","meta":[],"product_brand":[],"product_cat":[249,199,131,127,178],"product_tag":[],"product_publisher":[],"class_list":{"0":"post-25861","1":"product","2":"type-product","3":"status-publish","4":"has-post-thumbnail","6":"product_cat-french-books","7":"product_cat-asian-literature","8":"product_cat-classics","9":"product_cat-fiction","10":"product_cat-philosophy","12":"first","13":"instock","14":"sale","15":"shipping-taxable","16":"purchasable","17":"product-type-simple"},"_links":{"self":[{"href":"https:\/\/mabooko.com\/fr\/wp-json\/wp\/v2\/product\/25861","targetHints":{"allow":["GET"]}}],"collection":[{"href":"https:\/\/mabooko.com\/fr\/wp-json\/wp\/v2\/product"}],"about":[{"href":"https:\/\/mabooko.com\/fr\/wp-json\/wp\/v2\/types\/product"}],"replies":[{"embeddable":true,"href":"https:\/\/mabooko.com\/fr\/wp-json\/wp\/v2\/comments?post=25861"}],"version-history":[{"count":0,"href":"https:\/\/mabooko.com\/fr\/wp-json\/wp\/v2\/product\/25861\/revisions"}],"wp:featuredmedia":[{"embeddable":true,"href":"https:\/\/mabooko.com\/fr\/wp-json\/wp\/v2\/media\/25862"}],"wp:attachment":[{"href":"https:\/\/mabooko.com\/fr\/wp-json\/wp\/v2\/media?parent=25861"}],"wp:term":[{"taxonomy":"product_brand","embeddable":true,"href":"https:\/\/mabooko.com\/fr\/wp-json\/wp\/v2\/product_brand?post=25861"},{"taxonomy":"product_cat","embeddable":true,"href":"https:\/\/mabooko.com\/fr\/wp-json\/wp\/v2\/product_cat?post=25861"},{"taxonomy":"product_tag","embeddable":true,"href":"https:\/\/mabooko.com\/fr\/wp-json\/wp\/v2\/product_tag?post=25861"},{"taxonomy":"product_publisher","embeddable":true,"href":"https:\/\/mabooko.com\/fr\/wp-json\/wp\/v2\/product_publisher?post=25861"}],"curies":[{"name":"wp","href":"https:\/\/api.w.org\/{rel}","templated":true}]}}