{"id":24809,"date":"2026-02-18T16:43:13","date_gmt":"2026-02-18T16:43:13","guid":{"rendered":"https:\/\/mabooko.com\/?post_type=product&#038;p=24809"},"modified":"2026-02-18T16:43:14","modified_gmt":"2026-02-18T16:43:14","slug":"psychologie-des-revolutions-maroc","status":"publish","type":"product","link":"https:\/\/mabooko.com\/fr\/produit\/psychologie-des-revolutions-maroc\/","title":{"rendered":"La R\u00e9volution Fran\u00e7aise Et La Psychologie Des R\u00e9volutions"},"content":{"rendered":"<p>L&#8217;\u00e9tude de la <strong>Psychologie des R\u00e9volutions Maroc<\/strong> est aujourd&#8217;hui indispensable pour quiconque souhaite comprendre les ressorts profonds des mouvements de masse et des transformations sociales. Dans son ouvrage magistral, <i>La R\u00e9volution Fran\u00e7aise et la Psychologie des R\u00e9volutions<\/i>, Gustave Le Bon nous offre une analyse visionnaire qui d\u00e9passe le simple cadre historique pour toucher \u00e0 l&#8217;essence m\u00eame de l&#8217;\u00e2me humaine. En proposant cet ouvrage sur Mabooko, nous permettons aux lecteurs marocains d&#8217;acc\u00e9der \u00e0 une r\u00e9flexion sociologique majeure sur la mani\u00e8re dont les \u00e9motions et les croyances collectives dictent le cours de l&#8217;histoire.<\/p>\n<div id=\"toc-container\" style=\"background: #fdfdfd;padding: 20px;border: 1px solid #e1e1e1;border-radius: 5px;margin: 20px 0\">\n<h3 style=\"margin-top: 0\">Table des Mati\u00e8res<\/h3>\n<ul>\n<li><a href=\"#definition\">Comprendre la Psychologie des R\u00e9volutions Maroc<\/a><\/li>\n<li><a href=\"#analyse-lebon\">L&#8217;Analyse de Gustave Le Bon sur les Foules<\/a><\/li>\n<li><a href=\"#mabooko-engagement\">Pourquoi choisir Mabooko au Maroc ?<\/a><\/li>\n<li><a href=\"#conclusion-finale\">Conclusion : Un ouvrage intemporel<\/a><\/li>\n<\/ul>\n<\/div>\n<h2 id=\"definition\">Comprendre la Psychologie des R\u00e9volutions Maroc<\/h2>\n<p>Pour approfondir la <strong>Psychologie des R\u00e9volutions Maroc<\/strong>, il est n\u00e9cessaire de se pencher sur les th\u00e9ories de Le Bon concernant l&#8217;instabilit\u00e9 des foules. L&#8217;auteur d\u00e9montre que les r\u00e9volutions ne sont pas le fruit de la raison pure, mais celui de forces mystiques et affectives. En explorant la <strong>Psychologie des R\u00e9volutions Maroc<\/strong> \u00e0 travers ce texte, on comprend que l&#8217;individu s&#8217;efface devant la collectivit\u00e9, perdant son sens critique pour devenir un automate dirig\u00e9 par des meneurs charismatiques. Cette perspective offre des cl\u00e9s essentielles pour analyser non seulement la France de 1789, mais aussi les dynamiques sociales contemporaines.<\/p>\n<p>Le Bon insiste sur le fait que la contagion mentale est une notion cl\u00e9 de la <strong>Psychologie des R\u00e9volutions Maroc<\/strong>. Les id\u00e9es ne se propagent pas par la preuve, mais par l&#8217;affirmation et la r\u00e9p\u00e9tition. Ce ph\u00e9nom\u00e8ne explique pourquoi certaines id\u00e9ologies radicales parviennent \u00e0 s&#8217;imposer si rapidement dans le c\u0153ur des masses. Mabooko s&#8217;efforce de proposer cet ouvrage sur la <strong>Psychologie des R\u00e9volutions Maroc<\/strong> car il constitue une base scientifique pour tous les \u00e9tudiants en sociologie et sciences politiques du royaume.<\/p>\n<h3 id=\"analyse-lebon\">Gustave Le Bon : Un Ma\u00eetre de la Sociologie<\/h3>\n<p>L&#8217;apport de Gustave Le Bon \u00e0 la <strong>Psychologie des R\u00e9volutions Maroc<\/strong> r\u00e9side dans sa capacit\u00e9 \u00e0 cat\u00e9goriser les mentalit\u00e9s. Il distingue la mentalit\u00e9 rationnelle, souvent impuissante face \u00e0 la mentalit\u00e9 mystique qui anime les r\u00e9volutionnaires. Pour ma\u00eetriser la <strong>Psychologie des R\u00e9volutions Maroc<\/strong>, il faut accepter l&#8217;id\u00e9e que l&#8217;homme en foule agit par impulsion plut\u00f4t que par r\u00e9flexion. Cette \u0153uvre est un avertissement contre les d\u00e9rives du fanatisme et une invitation \u00e0 la lucidit\u00e9 intellectuelle.<\/p>\n<p>Chez Mabooko, notre mission est de diffuser des <strong>livres originaux<\/strong> qui marquent les esprits. Nous savons que la qualit\u00e9 du support papier et l&#8217;authenticit\u00e9 de l&#8217;\u00e9dition sont cruciales pour nos clients au <strong>Maroc<\/strong>. C&#8217;est pourquoi nous veillons \u00e0 ce que chaque exemplaire de <i>La R\u00e9volution Fran\u00e7aise et la Psychologie des R\u00e9volutions<\/i> soit conforme aux standards les plus \u00e9lev\u00e9s, permettant ainsi une immersion totale dans la pens\u00e9e complexe de Le Bon.<\/p>\n<p>Profitez de nos services exclusifs pour recevoir votre exemplaire de la <strong>Psychologie des R\u00e9volutions Maroc<\/strong>. Nous offrons la <strong>Livraison Gratuite<\/strong> dans toutes les villes, que vous soyez \u00e0 Casablanca, Rabat, Tanger ou Marrakech. De plus, notre syst\u00e8me de <strong>Paiement \u00e0 la livraison<\/strong> vous garantit une transaction s\u00e9curis\u00e9e et sans stress. Chez Mabooko, votre satisfaction et votre acc\u00e8s \u00e0 la culture sont nos priorit\u00e9s absolues.<\/p>\n<p id=\"conclusion-finale\">En conclusion, poss\u00e9der et lire ce classique est une \u00e9tape fondamentale pour quiconque veut r\u00e9ellement comprendre la <strong>Psychologie des R\u00e9volutions Maroc<\/strong>. Gustave Le Bon nous livre ici un h\u00e9ritage intellectuel pr\u00e9cieux, riche d&#8217;enseignements sur la fragilit\u00e9 des civilisations et la puissance de l&#8217;irrationnel. Faites confiance \u00e0 Mabooko pour enrichir votre biblioth\u00e8que avec des ouvrages de r\u00e9f\u00e9rence et b\u00e9n\u00e9ficiez du meilleur service de librairie en ligne au Maroc.<\/p>","protected":false},"excerpt":{"rendered":"<p>D\u00e9couvrez les m\u00e9canismes secrets de l&#8217;\u00e2me collective avec &#8220;La R\u00e9volution Fran\u00e7aise et la Psychologie des R\u00e9volutions&#8221; de Gustave Le Bon. Un classique indispensable pour comprendre les mouvements de masse. Commandez votre livre original sur Mabooko et profitez de la Livraison Gratuite et du Paiement \u00e0 la livraison partout au Maroc.<\/p>","protected":false},"featured_media":24810,"comment_status":"open","ping_status":"closed","template":"","meta":[],"product_brand":[],"product_cat":[249,175,143],"product_tag":[],"product_publisher":[],"class_list":{"0":"post-24809","1":"product","2":"type-product","3":"status-publish","4":"has-post-thumbnail","6":"product_cat-french-books","7":"product_cat-psychology","8":"product_cat-science","10":"first","11":"instock","12":"sale","13":"shipping-taxable","14":"purchasable","15":"product-type-simple"},"_links":{"self":[{"href":"https:\/\/mabooko.com\/fr\/wp-json\/wp\/v2\/product\/24809","targetHints":{"allow":["GET"]}}],"collection":[{"href":"https:\/\/mabooko.com\/fr\/wp-json\/wp\/v2\/product"}],"about":[{"href":"https:\/\/mabooko.com\/fr\/wp-json\/wp\/v2\/types\/product"}],"replies":[{"embeddable":true,"href":"https:\/\/mabooko.com\/fr\/wp-json\/wp\/v2\/comments?post=24809"}],"version-history":[{"count":0,"href":"https:\/\/mabooko.com\/fr\/wp-json\/wp\/v2\/product\/24809\/revisions"}],"wp:featuredmedia":[{"embeddable":true,"href":"https:\/\/mabooko.com\/fr\/wp-json\/wp\/v2\/media\/24810"}],"wp:attachment":[{"href":"https:\/\/mabooko.com\/fr\/wp-json\/wp\/v2\/media?parent=24809"}],"wp:term":[{"taxonomy":"product_brand","embeddable":true,"href":"https:\/\/mabooko.com\/fr\/wp-json\/wp\/v2\/product_brand?post=24809"},{"taxonomy":"product_cat","embeddable":true,"href":"https:\/\/mabooko.com\/fr\/wp-json\/wp\/v2\/product_cat?post=24809"},{"taxonomy":"product_tag","embeddable":true,"href":"https:\/\/mabooko.com\/fr\/wp-json\/wp\/v2\/product_tag?post=24809"},{"taxonomy":"product_publisher","embeddable":true,"href":"https:\/\/mabooko.com\/fr\/wp-json\/wp\/v2\/product_publisher?post=24809"}],"curies":[{"name":"wp","href":"https:\/\/api.w.org\/{rel}","templated":true}]}}