{"id":20493,"date":"2025-12-04T11:18:08","date_gmt":"2025-12-04T11:18:08","guid":{"rendered":"https:\/\/mabooko.com\/?post_type=product&#038;p=20493"},"modified":"2025-12-25T01:12:34","modified_gmt":"2025-12-25T01:12:34","slug":"tender-is-the-night-f-scott-fitzgerald","status":"publish","type":"product","link":"https:\/\/mabooko.com\/fr\/produit\/tender-is-the-night-f-scott-fitzgerald\/","title":{"rendered":"Tender Is the Night"},"content":{"rendered":"<div class=\"BookPageMetadataSection__description\" data-testid=\"description\">\n<div class=\"TruncatedContent\" tabindex=\"-1\">\n<div class=\"TruncatedContent__text TruncatedContent__text--large\" tabindex=\"-1\" data-testid=\"contentContainer\">\n<div class=\"DetailsLayoutRightParagraph\">\n<div class=\"DetailsLayoutRightParagraph__widthConstrained\">\n<p class=\"ng-star-inserted\"><strong class=\"ng-star-inserted\"><span class=\"ng-star-inserted\">The Tragic Beauty of Tender Is the Night by F. Scott Fitzgerald<\/span><\/strong><\/p>\n<p class=\"ng-star-inserted\"><span class=\"ng-star-inserted\">Tender Is the Night by F. Scott Fitzgerald is a tragic and beautiful novel. It is set in the glamorous French Riviera during the 1920s. The story follows Dick Diver, a brilliant and charming psychiatrist. He is married to Nicole, who is both his wife and his patient. Their life appears perfect to those who watch them from a distance. However, deep cracks begin to show in their marriage very soon. This book remains a masterpiece of American literature.<\/span><\/p>\n<p class=\"ng-star-inserted\"><span class=\"ng-star-inserted\">The narrative explores the slow decline of Dick Diver\u2019s career and his mental health. He struggles to balance his intense love for Nicole with his duties as her doctor. Their great wealth and social status cannot protect them from their internal demons. Consequently, the glamor of their lifestyle begins to fade into a very dark and painful reality. They encounter a young actress named Rosemary Hoyt, who complicates their relationship even further. She is fascinated by the Divers but does not see the hidden pain behind their smiles. Moreover, Fitzgerald used his own life experiences to create this raw and emotional story. You will witness the cost of the &#8220;Lost Generation&#8217;s&#8221; endless search for pleasure and meaning. The prose is lush, lyrical, and filled with a sense of lingering sadness. This novel offers a deep look into the complexities of human psychology. Furthermore, it captures the spirit of an era that was both dazzling and doomed. It is a profound study of how love can be both a healing force and a destructive one.<\/span><\/p>\n<\/div>\n<\/div>\n<\/div>\n<\/div>\n<\/div>","protected":false},"excerpt":{"rendered":"<div class=\"BookPageMetadataSection__description\" data-testid=\"description\">\n<div class=\"TruncatedContent\" tabindex=\"-1\">\n<div class=\"TruncatedContent__text TruncatedContent__text--large\" tabindex=\"-1\" data-testid=\"contentContainer\">\n<div class=\"DetailsLayoutRightParagraph\">\n<div class=\"DetailsLayoutRightParagraph__widthConstrained\"><span class=\"Formatted\">Set on the French Riviera in the late 1920s,\u00a0<i>Tender Is the Night<\/i>\u00a0est la romance tragique de la jeune actrice Rosemary Hoyt et du couple am\u00e9ricain \u00e9l\u00e9gant Dick et Nicole Diver. Jeune psychiatre brillant au moment de son mariage, Dick est \u00e0 la fois mari et m\u00e9decin de Nicole, dont la richesse l'incite \u00e0 adopter un style de vie qui n'est pas le sien, et dont la force croissante met en \u00e9vidence la fin d\u00e9chirante de Dick. Une \u00e9tude approfondie du concept romantique du personnage,\u00a0<i>Tender Is the Night<\/i>\u00a0is lyrical, expansive, and hauntingly evocative.<\/span><\/div>\n<\/div>\n<\/div>\n<div class=\"\"><\/div>\n<\/div>\n<\/div>\n<div class=\"BookPageMetadataSection__genres\" data-testid=\"genresList\"><\/div>","protected":false},"featured_media":20494,"comment_status":"open","ping_status":"closed","template":"","meta":[],"product_brand":[],"product_cat":[248,131,127,135],"product_tag":[],"product_publisher":[],"class_list":{"0":"post-20493","1":"product","2":"type-product","3":"status-publish","4":"has-post-thumbnail","6":"product_cat-english-books","7":"product_cat-classics","8":"product_cat-fiction","9":"product_cat-romance","11":"first","12":"instock","13":"sale","14":"shipping-taxable","15":"purchasable","16":"product-type-simple"},"_links":{"self":[{"href":"https:\/\/mabooko.com\/fr\/wp-json\/wp\/v2\/product\/20493","targetHints":{"allow":["GET"]}}],"collection":[{"href":"https:\/\/mabooko.com\/fr\/wp-json\/wp\/v2\/product"}],"about":[{"href":"https:\/\/mabooko.com\/fr\/wp-json\/wp\/v2\/types\/product"}],"replies":[{"embeddable":true,"href":"https:\/\/mabooko.com\/fr\/wp-json\/wp\/v2\/comments?post=20493"}],"version-history":[{"count":0,"href":"https:\/\/mabooko.com\/fr\/wp-json\/wp\/v2\/product\/20493\/revisions"}],"wp:featuredmedia":[{"embeddable":true,"href":"https:\/\/mabooko.com\/fr\/wp-json\/wp\/v2\/media\/20494"}],"wp:attachment":[{"href":"https:\/\/mabooko.com\/fr\/wp-json\/wp\/v2\/media?parent=20493"}],"wp:term":[{"taxonomy":"product_brand","embeddable":true,"href":"https:\/\/mabooko.com\/fr\/wp-json\/wp\/v2\/product_brand?post=20493"},{"taxonomy":"product_cat","embeddable":true,"href":"https:\/\/mabooko.com\/fr\/wp-json\/wp\/v2\/product_cat?post=20493"},{"taxonomy":"product_tag","embeddable":true,"href":"https:\/\/mabooko.com\/fr\/wp-json\/wp\/v2\/product_tag?post=20493"},{"taxonomy":"product_publisher","embeddable":true,"href":"https:\/\/mabooko.com\/fr\/wp-json\/wp\/v2\/product_publisher?post=20493"}],"curies":[{"name":"wp","href":"https:\/\/api.w.org\/{rel}","templated":true}]}}