{"id":20394,"date":"2025-11-29T17:00:44","date_gmt":"2025-11-29T17:00:44","guid":{"rendered":"https:\/\/mabooko.com\/?post_type=product&#038;p=20394"},"modified":"2025-12-08T01:38:00","modified_gmt":"2025-12-08T01:38:00","slug":"the-academy","status":"publish","type":"product","link":"https:\/\/mabooko.com\/fr\/produit\/the-academy\/","title":{"rendered":"The Academy"},"content":{"rendered":"<p><b>#1 bestselling author Elin Hilderbrand teams up with her daughter, Shelby Cunningham, to deliver a dishy, page-turning novel following an intertwined cast of characters over the course of one drama-filled year at a New England boarding school.<\/b><\/p>\n<p>C'est le jour de l'emm\u00e9nagement \u00e0 la Tiffin Academy et, au milieu du joyeux chaos des retrouvailles entre amis, des selfies t\u00e9l\u00e9charg\u00e9s et des voitures d\u00e9charg\u00e9es, une nouvelle choquante : America Today vient de classer Tiffin au deuxi\u00e8me rang des pensionnats du pays. C'est un bond de dix-sept places : y a-t-il eu une faute de frappe ? Les dortoirs doivent \u00eatre r\u00e9nov\u00e9s, leurs \u00e9quipes sportives arrivent toujours en derni\u00e8re position, et disons simplement que les \u00e9tudiants de Tiffin sont connus pour \u00eatre plus sociaux qu'universitaires. D'un autre c\u00f4t\u00e9, le campus est magnifique, les classes sont de petite taille et la salle \u00e0 manger est dirig\u00e9e par un chef new-yorkais acclam\u00e9. Et ils s'amusent, beaucoup de f\u00eates et de bals scolaires, et un pianiste joue dans le salon des \u00e9tudiants tous les lundis soirs.<\/p>\n<p>But just as the rarefied air of Tiffin is suffused with self-congratulation, the wheels begin to turn \u2013 and then they fall off the bus. One by one, scandalous blind items begin to appear on phones across Tiffin\u2019s campus, thanks to a new app called ZipZap, and nobody is safe. From Davi Banerjee, international influencer and resident queen bee, to Simone Bergeron, the new and surprisingly young history teacher, to Charley Hicks, a transfer student who seems determined not to fit in, to Cordelia Spooner, Admissions Director with a somewhat idiosyncratic methodology \u2013 everyone has something to hide.<\/p>\n<p>As if high school wasn\u2019t dramatic enough&#8230;As the year unfolds, bonds are forged and broken, secrets are shared and exposed, and the lives of Tiffin\u2019s students and staff are changed forever. The Academy is Elin Hilderbrand\u2019s fresh, buzzy take on boarding school life, and a thrilling new direction from one of America\u2019s most satisfying and popular storytellers.<\/p>","protected":false},"excerpt":{"rendered":"<p>C'est le jour de l'emm\u00e9nagement \u00e0 la Tiffin Academy et, au milieu du joyeux chaos des retrouvailles entre amis, des selfies t\u00e9l\u00e9charg\u00e9s et des voitures d\u00e9charg\u00e9es, une nouvelle choquante : America Today vient de classer Tiffin au deuxi\u00e8me rang des pensionnats du pays. C'est un bond de dix-sept places : y a-t-il eu une faute de frappe ? Les dortoirs doivent \u00eatre r\u00e9nov\u00e9s, leurs \u00e9quipes sportives arrivent toujours en derni\u00e8re position, et disons simplement que les \u00e9tudiants de Tiffin sont connus pour \u00eatre plus sociaux qu'universitaires. D'un autre c\u00f4t\u00e9, le campus est magnifique, les classes sont de petite taille et la salle \u00e0 manger est dirig\u00e9e par un chef new-yorkais acclam\u00e9. Et ils s'amusent, beaucoup de f\u00eates et de bals scolaires, et un pianiste joue dans le salon des \u00e9tudiants tous les lundis soirs.<\/p>","protected":false},"featured_media":20395,"comment_status":"open","ping_status":"closed","template":"","meta":[],"product_brand":[],"product_cat":[248,127,182,135],"product_tag":[],"product_publisher":[],"class_list":{"0":"post-20394","1":"product","2":"type-product","3":"status-publish","4":"has-post-thumbnail","6":"product_cat-english-books","7":"product_cat-fiction","8":"product_cat-mystery","9":"product_cat-romance","11":"first","12":"instock","13":"shipping-taxable","14":"purchasable","15":"product-type-simple"},"_links":{"self":[{"href":"https:\/\/mabooko.com\/fr\/wp-json\/wp\/v2\/product\/20394","targetHints":{"allow":["GET"]}}],"collection":[{"href":"https:\/\/mabooko.com\/fr\/wp-json\/wp\/v2\/product"}],"about":[{"href":"https:\/\/mabooko.com\/fr\/wp-json\/wp\/v2\/types\/product"}],"replies":[{"embeddable":true,"href":"https:\/\/mabooko.com\/fr\/wp-json\/wp\/v2\/comments?post=20394"}],"version-history":[{"count":0,"href":"https:\/\/mabooko.com\/fr\/wp-json\/wp\/v2\/product\/20394\/revisions"}],"wp:featuredmedia":[{"embeddable":true,"href":"https:\/\/mabooko.com\/fr\/wp-json\/wp\/v2\/media\/20395"}],"wp:attachment":[{"href":"https:\/\/mabooko.com\/fr\/wp-json\/wp\/v2\/media?parent=20394"}],"wp:term":[{"taxonomy":"product_brand","embeddable":true,"href":"https:\/\/mabooko.com\/fr\/wp-json\/wp\/v2\/product_brand?post=20394"},{"taxonomy":"product_cat","embeddable":true,"href":"https:\/\/mabooko.com\/fr\/wp-json\/wp\/v2\/product_cat?post=20394"},{"taxonomy":"product_tag","embeddable":true,"href":"https:\/\/mabooko.com\/fr\/wp-json\/wp\/v2\/product_tag?post=20394"},{"taxonomy":"product_publisher","embeddable":true,"href":"https:\/\/mabooko.com\/fr\/wp-json\/wp\/v2\/product_publisher?post=20394"}],"curies":[{"name":"wp","href":"https:\/\/api.w.org\/{rel}","templated":true}]}}