{"id":14877,"date":"2025-08-02T11:41:20","date_gmt":"2025-08-02T11:41:20","guid":{"rendered":"https:\/\/honeydew-baboon-335858.hostingersite.com\/?post_type=product&#038;p=14877"},"modified":"2025-08-28T14:49:17","modified_gmt":"2025-08-28T14:49:17","slug":"twilight-saga-book-series","status":"publish","type":"product","link":"https:\/\/mabooko.com\/fr\/produit\/twilight-saga-book-series\/","title":{"rendered":"Twilight Saga Book Series"},"content":{"rendered":"<p>\u00ab Un m\u00e9lange captivant de romance et d\u2019horreur \u00bb (Norah Piehl), vivez l\u2019histoire d\u2019amour addictive et pleine de suspense entre une adolescente et un vampire avec le livre qui a red\u00e9fini la romance pour une g\u00e9n\u00e9ration (New York Times).<\/p>\n<p>Isabella Swan&#8217;s move to Forks, a small, perpetually rainy town in Washington, could have been the most boring move she ever made. But once she meets the mysterious and alluring Edward Cullen, Isabella&#8217;s life takes a thrilling and terrifying turn.<\/p>\n<p>Up until now, Edward has managed to keep his vampire identity a secret in the small community he lives in, but now nobody is safe, especially Isabella, the person Edward holds most dear. The lovers find themselves balanced precariously on the point of a knife\u2014between desire and danger.<\/p>\n<p>Deeply romantic and extraordinarily suspenseful, Twilight captures the struggle between defying our instincts and satisfying our desires.<\/p>\n<p>This is a love story with bite.<\/p>\n<p>Praise for The Twilight Saga<\/p>\n<p>\u201cThis tale of tortured demon lovers entices\u201d\u2014Kirkus Reviews<\/p>\n<p>&#8220;In the tradition of Anne Rice. . . this dark romance is gripping.&#8221; \u2014Booklist (starred review)<\/p>\n<p>&#8220;The novel&#8217;s danger-factor skyrockets as the excitement of secret love and hushed affection morphs into a terrifying race to stay alive.&#8221; \u2014School Library Journal (starred review)<\/p>\n<p>\u201cRelish this new adventure and hunger for more\u201d\u2014Booklist<\/p>\n<p>A New York Times bestseller<br \/>\nA New York Times &#8220;Editor&#8217;s Choice&#8221;<br \/>\nA Publishers Weekly Best Book of the Year<br \/>\nAn Amazon best of #Booktok Book<\/p>","protected":false},"excerpt":{"rendered":"<p>\u00ab Un m\u00e9lange captivant de romance et d\u2019horreur \u00bb (Norah Piehl), vivez l\u2019histoire d\u2019amour addictive et pleine de suspense entre une adolescente et un vampire avec le livre qui a red\u00e9fini la romance pour une g\u00e9n\u00e9ration (New York Times).<\/p>","protected":false},"featured_media":16734,"comment_status":"open","ping_status":"closed","template":"","meta":[],"product_brand":[],"product_cat":[222,248,118,127,135,161],"product_tag":[],"product_publisher":[],"class_list":{"0":"post-14877","1":"product","2":"type-product","3":"status-publish","4":"has-post-thumbnail","6":"product_cat-collections","7":"product_cat-english-books","8":"product_cat-fantasy","9":"product_cat-fiction","10":"product_cat-romance","11":"product_cat-young-adult","13":"first","14":"instock","15":"shipping-taxable","16":"purchasable","17":"product-type-simple"},"_links":{"self":[{"href":"https:\/\/mabooko.com\/fr\/wp-json\/wp\/v2\/product\/14877","targetHints":{"allow":["GET"]}}],"collection":[{"href":"https:\/\/mabooko.com\/fr\/wp-json\/wp\/v2\/product"}],"about":[{"href":"https:\/\/mabooko.com\/fr\/wp-json\/wp\/v2\/types\/product"}],"replies":[{"embeddable":true,"href":"https:\/\/mabooko.com\/fr\/wp-json\/wp\/v2\/comments?post=14877"}],"version-history":[{"count":0,"href":"https:\/\/mabooko.com\/fr\/wp-json\/wp\/v2\/product\/14877\/revisions"}],"wp:featuredmedia":[{"embeddable":true,"href":"https:\/\/mabooko.com\/fr\/wp-json\/wp\/v2\/media\/16734"}],"wp:attachment":[{"href":"https:\/\/mabooko.com\/fr\/wp-json\/wp\/v2\/media?parent=14877"}],"wp:term":[{"taxonomy":"product_brand","embeddable":true,"href":"https:\/\/mabooko.com\/fr\/wp-json\/wp\/v2\/product_brand?post=14877"},{"taxonomy":"product_cat","embeddable":true,"href":"https:\/\/mabooko.com\/fr\/wp-json\/wp\/v2\/product_cat?post=14877"},{"taxonomy":"product_tag","embeddable":true,"href":"https:\/\/mabooko.com\/fr\/wp-json\/wp\/v2\/product_tag?post=14877"},{"taxonomy":"product_publisher","embeddable":true,"href":"https:\/\/mabooko.com\/fr\/wp-json\/wp\/v2\/product_publisher?post=14877"}],"curies":[{"name":"wp","href":"https:\/\/api.w.org\/{rel}","templated":true}]}}