{"id":14875,"date":"2025-08-02T11:35:03","date_gmt":"2025-08-02T11:35:03","guid":{"rendered":"https:\/\/honeydew-baboon-335858.hostingersite.com\/?post_type=product&#038;p=14875"},"modified":"2025-08-28T14:53:23","modified_gmt":"2025-08-28T14:53:23","slug":"throne-of-glass-book-series","status":"publish","type":"product","link":"https:\/\/mabooko.com\/fr\/produit\/throne-of-glass-book-series\/","title":{"rendered":"Throne of Glass Book Series"},"content":{"rendered":"<p>Celaena Sardothien is now the King\u2019s Champion, but her loyalty is a lie. As she secretly aids the rebellion, a web of betrayal tightens around her. The Crown Prince\u2019s defiance, the Captain\u2019s protection, and a princess\u2019s rebellion collide in a deadly dance. When tragedy strikes, Celaena\u2019s world shatters, forcing her to confront her past and choose her true allegiance. <em>Crown of Midnight<\/em> deepens the stakes, weaving magic, sacrifice, and the cost of vengeance into a tale where trust is a weapon and love is a battleground.<\/p>","protected":false},"excerpt":{"rendered":"<p data-spm-anchor-id=\"a2ty_o01.29997173.0.i50.7ddac921Qi4kSA\">Les secrets et les mensonges se d\u00e9voilent alors que Celaena marche sur le fil du rasoir entre le devoir et la r\u00e9bellion. Une perte choquante enflamme sa qu\u00eate de justice, mettant \u00e0 l\u2019\u00e9preuve les liens d\u2019amiti\u00e9 et de loyaut\u00e9. La magie noire, les ennemis cach\u00e9s et la col\u00e8re d\u2019une reine propulsent cette suite captivante. \ud83c\udf11\u2694\ufe0f\ud83d\udc94<\/p>\n<div class=\"my-2\"><\/div>","protected":false},"featured_media":16740,"comment_status":"open","ping_status":"closed","template":"","meta":[],"product_brand":[],"product_cat":[115,222,248,118,135,161],"product_tag":[],"product_publisher":[],"class_list":{"0":"post-14875","1":"product","2":"type-product","3":"status-publish","4":"has-post-thumbnail","6":"product_cat-action-adventure","7":"product_cat-collections","8":"product_cat-english-books","9":"product_cat-fantasy","10":"product_cat-romance","11":"product_cat-young-adult","13":"first","14":"instock","15":"shipping-taxable","16":"purchasable","17":"product-type-simple"},"_links":{"self":[{"href":"https:\/\/mabooko.com\/fr\/wp-json\/wp\/v2\/product\/14875","targetHints":{"allow":["GET"]}}],"collection":[{"href":"https:\/\/mabooko.com\/fr\/wp-json\/wp\/v2\/product"}],"about":[{"href":"https:\/\/mabooko.com\/fr\/wp-json\/wp\/v2\/types\/product"}],"replies":[{"embeddable":true,"href":"https:\/\/mabooko.com\/fr\/wp-json\/wp\/v2\/comments?post=14875"}],"version-history":[{"count":0,"href":"https:\/\/mabooko.com\/fr\/wp-json\/wp\/v2\/product\/14875\/revisions"}],"wp:featuredmedia":[{"embeddable":true,"href":"https:\/\/mabooko.com\/fr\/wp-json\/wp\/v2\/media\/16740"}],"wp:attachment":[{"href":"https:\/\/mabooko.com\/fr\/wp-json\/wp\/v2\/media?parent=14875"}],"wp:term":[{"taxonomy":"product_brand","embeddable":true,"href":"https:\/\/mabooko.com\/fr\/wp-json\/wp\/v2\/product_brand?post=14875"},{"taxonomy":"product_cat","embeddable":true,"href":"https:\/\/mabooko.com\/fr\/wp-json\/wp\/v2\/product_cat?post=14875"},{"taxonomy":"product_tag","embeddable":true,"href":"https:\/\/mabooko.com\/fr\/wp-json\/wp\/v2\/product_tag?post=14875"},{"taxonomy":"product_publisher","embeddable":true,"href":"https:\/\/mabooko.com\/fr\/wp-json\/wp\/v2\/product_publisher?post=14875"}],"curies":[{"name":"wp","href":"https:\/\/api.w.org\/{rel}","templated":true}]}}