{"id":14793,"date":"2025-08-02T09:22:02","date_gmt":"2025-08-02T09:22:02","guid":{"rendered":"https:\/\/honeydew-baboon-335858.hostingersite.com\/?post_type=product&#038;p=14793"},"modified":"2025-08-28T15:16:08","modified_gmt":"2025-08-28T15:16:08","slug":"iron-widow-book-series","status":"publish","type":"product","link":"https:\/\/mabooko.com\/fr\/produit\/iron-widow-book-series\/","title":{"rendered":"Iron Widow Book Series"},"content":{"rendered":"<p>Les gar\u00e7ons de Huaxia r\u00eavent de s\u2019associer \u00e0 des filles pour piloter des Chrysalises, des robots transformateurs g\u00e9ants capables de combattre les extraterrestres m\u00e9cha qui se cachent au-del\u00e0 de la Grande Muraille. Peu importe que les filles meurent souvent de la tension mentale.<\/p>\n<p>When 18-year-old Zetian offers herself up as a concubine-pilot, it&#8217;s to assassinate the ace male pilot responsible for her sister&#8217;s death. But she gets her vengeance in a way nobody expected\u2014she kills him through the psychic link between pilots and emerges from the cockpit unscathed. She is labeled an Iron Widow, a much-feared and much-silenced kind of female pilot who can sacrifice boys to power up Chrysalises instead.\u200b<\/p>\n<p>To tame her unnerving yet invaluable mental strength, she is paired up with Li Shimin, the strongest and most controversial male pilot in Huaxia\u200b. But now that Zetian has had a taste of power, she will not cower so easily. She will miss no opportunity to leverage their combined might and infamy to survive attempt after attempt on her life, until she can figure out exactly why the pilot system works in its misogynist way\u2014and stop more girls from being sacrificed.<\/p>","protected":false},"excerpt":{"rendered":"<p>Les gar\u00e7ons de Huaxia r\u00eavent de s\u2019associer \u00e0 des filles pour piloter des Chrysalises, des robots transformateurs g\u00e9ants capables de combattre les extraterrestres m\u00e9cha qui se cachent au-del\u00e0 de la Grande Muraille. Peu importe que les filles meurent souvent de la tension mentale.<\/p>","protected":false},"featured_media":16785,"comment_status":"open","ping_status":"closed","template":"","meta":[],"product_brand":[],"product_cat":[222,248,118,127,143,161],"product_tag":[],"product_publisher":[],"class_list":{"0":"post-14793","1":"product","2":"type-product","3":"status-publish","4":"has-post-thumbnail","6":"product_cat-collections","7":"product_cat-english-books","8":"product_cat-fantasy","9":"product_cat-fiction","10":"product_cat-science","11":"product_cat-young-adult","13":"first","14":"instock","15":"shipping-taxable","16":"purchasable","17":"product-type-simple"},"_links":{"self":[{"href":"https:\/\/mabooko.com\/fr\/wp-json\/wp\/v2\/product\/14793","targetHints":{"allow":["GET"]}}],"collection":[{"href":"https:\/\/mabooko.com\/fr\/wp-json\/wp\/v2\/product"}],"about":[{"href":"https:\/\/mabooko.com\/fr\/wp-json\/wp\/v2\/types\/product"}],"replies":[{"embeddable":true,"href":"https:\/\/mabooko.com\/fr\/wp-json\/wp\/v2\/comments?post=14793"}],"version-history":[{"count":0,"href":"https:\/\/mabooko.com\/fr\/wp-json\/wp\/v2\/product\/14793\/revisions"}],"wp:featuredmedia":[{"embeddable":true,"href":"https:\/\/mabooko.com\/fr\/wp-json\/wp\/v2\/media\/16785"}],"wp:attachment":[{"href":"https:\/\/mabooko.com\/fr\/wp-json\/wp\/v2\/media?parent=14793"}],"wp:term":[{"taxonomy":"product_brand","embeddable":true,"href":"https:\/\/mabooko.com\/fr\/wp-json\/wp\/v2\/product_brand?post=14793"},{"taxonomy":"product_cat","embeddable":true,"href":"https:\/\/mabooko.com\/fr\/wp-json\/wp\/v2\/product_cat?post=14793"},{"taxonomy":"product_tag","embeddable":true,"href":"https:\/\/mabooko.com\/fr\/wp-json\/wp\/v2\/product_tag?post=14793"},{"taxonomy":"product_publisher","embeddable":true,"href":"https:\/\/mabooko.com\/fr\/wp-json\/wp\/v2\/product_publisher?post=14793"}],"curies":[{"name":"wp","href":"https:\/\/api.w.org\/{rel}","templated":true}]}}