{"id":14772,"date":"2025-08-02T08:38:28","date_gmt":"2025-08-02T08:38:28","guid":{"rendered":"https:\/\/honeydew-baboon-335858.hostingersite.com\/?post_type=product&#038;p=14772"},"modified":"2025-08-28T15:19:54","modified_gmt":"2025-08-28T15:19:54","slug":"the-soulbound-saga-book-series","status":"publish","type":"product","link":"https:\/\/mabooko.com\/fr\/produit\/the-soulbound-saga-book-series\/","title":{"rendered":"The Soulbound Saga Book Series"},"content":{"rendered":"<p>DES CENDRES D\u2019UN EMPIRE, UN H\u00c9ROS VA SE LEVER\u2026<br \/>\nLE BEST-SELLER INSTANTAN\u00c9 DU SUNDAY TIMES<br \/>\n\u00ab Un monde de dragons, de magie et de r\u00e9bellion d\u2019une richesse \u00e9pique et complexe \u00bb Am\u00e9lie Wen Zhao, auteur \u00e0 succ\u00e8s du New York Times de Song of Silver, Flame Like Night<br \/>\n&#8216;Dragons with depth\u2026 Taran Matharu masterfully layers the history, politics and soulful magic of his world with page-turning ease, all the while delivering shocks, bloodshed and a splash of slow-burn spice&#8217; Cari Thomas, Sunday Times bestselling author of Threadneedle<br \/>\nDES CENDRES D\u2019UN EMPIRE, UN H\u00c9ROS VA SE LEVER\u2026<br \/>\nJai has spent his life forced to serve the cruel empire that killed his family and now rules his people.<br \/>\nTo grow ever more powerful, the emperor\u2019s young son is betrothed to Princess Erica of the Dansk Kingdom. An unconquerable realm, where ancient beasts roam. The princess brings with her a priceless gift: dragons. Only Dansk Royalty can bond with these magical beasts to draw on their power and strength. Until now.<br \/>\nWhen the betrothal goes wrong, a bloody coup leads to chaos at court. Finally, Jai has a chance to escape. He flees with a fierce Dansk warrior, Frida, but not before stealing a dragon egg.<br \/>\nTo vanquish the empire, he must do the impossible: bond with a dragon. Only then he can seize his destiny, and seek his revenge \u2026<br \/>\nAn epic new fantasy from New York Times bestselling author Taran Matharu, where dragons fly and empires fall.<br \/>\n&#8216;Eragon and Sapphira, Laurence and Temeraire, and now Jai and Winter. A brilliant beginning!&#8217; Michael R. Miller, bestselling author of the Songs of Chaos series<br \/>\n\u2018Bloody, glorious, and irresistibly compelling, Dragon Rider is a riveting epic that is at once sweepingly vast and heart-wrenchingly personal\u2019 Sarah Beth Durst, award-winning author of The Bone Maker<br \/>\n\u2018Brutal politics, intricate worldbuilding, and edge-of-the-seat battles\u2019 Prashanth Srivatsa, author of The Spice Gate<br \/>\n\u2018A classic fantasy adventure that reminds me of the novels I loved growing up, but with a flair of cultivation from the novels I love now\u2019 Will Wight, New York Times bestselling author of the Cradle series<\/p>","protected":false},"excerpt":{"rendered":"<p>DES CENDRES D\u2019UN EMPIRE, UN H\u00c9ROS VA SE LEVER\u2026<br \/>\nLE BEST-SELLER INSTANTAN\u00c9 DU SUNDAY TIMES<br \/>\n\u00ab Un monde de dragons, de magie et de r\u00e9bellion d\u2019une richesse \u00e9pique et complexe \u00bb Am\u00e9lie Wen Zhao, auteur \u00e0 succ\u00e8s du New York Times de Song of Silver, Flame Like Night<\/p>","protected":false},"featured_media":16800,"comment_status":"open","ping_status":"closed","template":"","meta":[],"product_brand":[],"product_cat":[115,222,248,118],"product_tag":[],"product_publisher":[],"class_list":{"0":"post-14772","1":"product","2":"type-product","3":"status-publish","4":"has-post-thumbnail","6":"product_cat-action-adventure","7":"product_cat-collections","8":"product_cat-english-books","9":"product_cat-fantasy","11":"first","12":"instock","13":"shipping-taxable","14":"purchasable","15":"product-type-simple"},"_links":{"self":[{"href":"https:\/\/mabooko.com\/fr\/wp-json\/wp\/v2\/product\/14772","targetHints":{"allow":["GET"]}}],"collection":[{"href":"https:\/\/mabooko.com\/fr\/wp-json\/wp\/v2\/product"}],"about":[{"href":"https:\/\/mabooko.com\/fr\/wp-json\/wp\/v2\/types\/product"}],"replies":[{"embeddable":true,"href":"https:\/\/mabooko.com\/fr\/wp-json\/wp\/v2\/comments?post=14772"}],"version-history":[{"count":0,"href":"https:\/\/mabooko.com\/fr\/wp-json\/wp\/v2\/product\/14772\/revisions"}],"wp:featuredmedia":[{"embeddable":true,"href":"https:\/\/mabooko.com\/fr\/wp-json\/wp\/v2\/media\/16800"}],"wp:attachment":[{"href":"https:\/\/mabooko.com\/fr\/wp-json\/wp\/v2\/media?parent=14772"}],"wp:term":[{"taxonomy":"product_brand","embeddable":true,"href":"https:\/\/mabooko.com\/fr\/wp-json\/wp\/v2\/product_brand?post=14772"},{"taxonomy":"product_cat","embeddable":true,"href":"https:\/\/mabooko.com\/fr\/wp-json\/wp\/v2\/product_cat?post=14772"},{"taxonomy":"product_tag","embeddable":true,"href":"https:\/\/mabooko.com\/fr\/wp-json\/wp\/v2\/product_tag?post=14772"},{"taxonomy":"product_publisher","embeddable":true,"href":"https:\/\/mabooko.com\/fr\/wp-json\/wp\/v2\/product_publisher?post=14772"}],"curies":[{"name":"wp","href":"https:\/\/api.w.org\/{rel}","templated":true}]}}