{"id":14770,"date":"2025-08-01T16:41:25","date_gmt":"2025-08-01T16:41:25","guid":{"rendered":"https:\/\/honeydew-baboon-335858.hostingersite.com\/?post_type=product&#038;p=14770"},"modified":"2025-08-28T15:23:04","modified_gmt":"2025-08-28T15:23:04","slug":"dune-book-series","status":"publish","type":"product","link":"https:\/\/mabooko.com\/fr\/produit\/dune-book-series\/","title":{"rendered":"Dune Book Series"},"content":{"rendered":"<p>This Dune series includes the following 4 books: Dune, Dune Messiah, Children of Dune, God Emperor of Dune.<br \/>\nBook 1 Dune: Frank Herbert\u2019s classic masterpiece\u2014a triumph of the imagination and one of the bestselling science fiction novels of all time. A mythic and emotionally charged hero\u2019s journey, Dune tells the story of Paul Atreides, a brilliant and gifted young man born into a great destiny beyond his understanding, who must travel to the most dangerous planet in the universe to ensure the future of his family and his people. As malevolent forces explode into conflict over the planet\u2019s exclusive supply of the most precious resource in existence\u2014a commodity capable of unlocking humanity\u2019s greatest potential\u2014only those who can conquer their fear will survive.<\/p>\n<p>Book 2 Dune Messiah: Dune Messiah continues the story of Paul Atreides, better known\u2014and feared\u2014as the man christened Muad\u2019Dib. As Emperor of the known universe, he possesses more power than a single man was ever meant to wield. Worshipped as a religious icon by the fanatical Fremen, Paul faces the enmity of the political houses he displaced when he assumed the throne\u2014and a conspiracy conducted within his own sphere of influence.<\/p>\n<p>Book 3 Children of Dune: The Children of Dune are twin siblings Leto and Ghanima Atreides, whose father, the Emperor Paul Muad\u2019Dib, disappeared in the desert wastelands of Arrakis nine years ago. Like their father, the twins possess supernormal abilities\u2014making them valuable to their manipulative aunt Alia, who rules the Empire in the name of House Atreides. Alia believes that by obtaining the secrets of the twins\u2019 prophetic visions, she can maintain control over her dynasty.<\/p>\n<p>With millions of copies sold worldwide, Frank Herbert\u2019s magnificent Dune novels stand among the major achievements of the human imagination as one of the most significant sagas in the history of literary science fiction.<\/p>","protected":false},"excerpt":{"rendered":"<p>Une plan\u00e8te d\u00e9sertique d\u00e9tient la cl\u00e9 de la survie - et d'un pouvoir inimaginable.<br \/>\nPaul Atreides doit s'adapter ou mourir dans un pays de sables mouvants et de secrets.<br \/>\nLa trahison, la proph\u00e9tie et les vers des sables se rencontrent dans cette saga \u00e9pique.<br \/>\nUn conte intemporel de politique, d'\u00e9cologie et de destin.<br \/>\nFrank Herbert redefined sci-fi with this groundbreaking classic.<br \/>\nDiscover why <em>Dune <\/em> remains a cultural touchstone decades later.<br \/>\nWill Paul master his fate\u2014or be consumed by it?<br \/>\nAdventure, intrigue, and cosmic stakes await. \ud83c\udf35\ud83d\udc51\ud83d\udcd6<\/p>","protected":false},"featured_media":16804,"comment_status":"open","ping_status":"closed","template":"","meta":[],"product_brand":[],"product_cat":[115,222,248,127,143],"product_tag":[],"product_publisher":[],"class_list":{"0":"post-14770","1":"product","2":"type-product","3":"status-publish","4":"has-post-thumbnail","6":"product_cat-action-adventure","7":"product_cat-collections","8":"product_cat-english-books","9":"product_cat-fiction","10":"product_cat-science","12":"first","13":"instock","14":"shipping-taxable","15":"purchasable","16":"product-type-simple"},"_links":{"self":[{"href":"https:\/\/mabooko.com\/fr\/wp-json\/wp\/v2\/product\/14770","targetHints":{"allow":["GET"]}}],"collection":[{"href":"https:\/\/mabooko.com\/fr\/wp-json\/wp\/v2\/product"}],"about":[{"href":"https:\/\/mabooko.com\/fr\/wp-json\/wp\/v2\/types\/product"}],"replies":[{"embeddable":true,"href":"https:\/\/mabooko.com\/fr\/wp-json\/wp\/v2\/comments?post=14770"}],"version-history":[{"count":0,"href":"https:\/\/mabooko.com\/fr\/wp-json\/wp\/v2\/product\/14770\/revisions"}],"wp:featuredmedia":[{"embeddable":true,"href":"https:\/\/mabooko.com\/fr\/wp-json\/wp\/v2\/media\/16804"}],"wp:attachment":[{"href":"https:\/\/mabooko.com\/fr\/wp-json\/wp\/v2\/media?parent=14770"}],"wp:term":[{"taxonomy":"product_brand","embeddable":true,"href":"https:\/\/mabooko.com\/fr\/wp-json\/wp\/v2\/product_brand?post=14770"},{"taxonomy":"product_cat","embeddable":true,"href":"https:\/\/mabooko.com\/fr\/wp-json\/wp\/v2\/product_cat?post=14770"},{"taxonomy":"product_tag","embeddable":true,"href":"https:\/\/mabooko.com\/fr\/wp-json\/wp\/v2\/product_tag?post=14770"},{"taxonomy":"product_publisher","embeddable":true,"href":"https:\/\/mabooko.com\/fr\/wp-json\/wp\/v2\/product_publisher?post=14770"}],"curies":[{"name":"wp","href":"https:\/\/api.w.org\/{rel}","templated":true}]}}